{"id":654,"date":"2015-09-12T15:54:13","date_gmt":"2015-09-12T13:54:13","guid":{"rendered":"https:\/\/trattoriacichykacik.pl\/?page_id=654"},"modified":"2015-09-12T16:03:25","modified_gmt":"2015-09-12T14:03:25","slug":"about-the-restaurant","status":"publish","type":"page","link":"https:\/\/trattoriacichykacik.pl\/en\/about-the-restaurant\/","title":{"rendered":"About the Restaurant"},"content":{"rendered":"<section class=\"fw-main-row \"  >\n\t<div class=\"fw-container\">\n\t\t<div class=\"fw-row\">\n\t<div class=\"fw-col-xs-12 fw-col-sm-6\">\n\t<p>Trattoria Cichy K\u0105cik (Quiet Corner) is a unique place located right next to B\u0142onia \u2013 a one of a kind, huge meadow located in the city centre. Since January 2012, we have been offering genuine Italian cuisine and the vibe corresponding with the name to our Guests. As soon as you enter Cichy K\u0105cik you will get the opportunity to enjoy both the flavours of our meals and the peaceful vibe.<\/p><p>A moment to relax after everyday rush, a family reunion, a get-together with friends or a date with your loved one? Trattoria Cichy K\u0105cik is a perfect place for all occasions! Also, from spring to autumn, you can enjoy our meals outside. Our Guests can sit at the tables in front of the restaurant or on a vast terrace on... the roof! It provides great view of B\u0142onia and Ko\u015bciuszko Mound. <\/p><\/div>\n<div class=\"fw-col-xs-12 fw-col-sm-6\">\n\t<p>Comfort and satisfaction of our Guests is our priority. Therefore we provide facilities for children (children's corner, a playground and kids' menu) as well as animal-friendly zones. One of our big advantages is the location &ndash; easy to reach by car with plenty of parking spots nearby. You can also reach us easily by public transport &ndash; there are tram and bus stops right next to Trattoria.<\/p><h4 style=\"text-align: right;\">Be our Guest!<br \/>Sii nostro ospite!<\/h4><\/div>\n<\/div>\n\n<div class=\"fw-row\">\n\t<div class=\"fw-col-xs-12\">\n\t<p><div id=\"wpbgallery_container\"><ul id=\"wpbgallery\" class=\"clearfix\"><li><a href=\"https:\/\/trattoriacichykacik.pl\/wp-content\/uploads\/2015\/07\/DSC_13.jpg\" title=\"\" data-gallery=\"\"><img src=\"https:\/\/trattoriacichykacik.pl\/wp-content\/uploads\/2015\/07\/DSC_13-360x238.jpg\" width=\"360\" height=\"238\" alt=\"DSC_13\" \/><\/a><\/li><li><a href=\"https:\/\/trattoriacichykacik.pl\/wp-content\/uploads\/2015\/07\/DSC_09.jpg\" title=\"\" data-gallery=\"\"><img src=\"https:\/\/trattoriacichykacik.pl\/wp-content\/uploads\/2015\/07\/DSC_09-360x238.jpg\" width=\"360\" height=\"238\" alt=\"DSC_09\" \/><\/a><\/li><li><a href=\"https:\/\/trattoriacichykacik.pl\/wp-content\/uploads\/2015\/07\/slider-05.jpg\" title=\"\" data-gallery=\"\"><img src=\"https:\/\/trattoriacichykacik.pl\/wp-content\/uploads\/2015\/07\/slider-05-360x238.jpg\" width=\"360\" height=\"238\" alt=\"slider-05\" \/><\/a><\/li><li><a href=\"https:\/\/trattoriacichykacik.pl\/wp-content\/uploads\/2015\/07\/DSC_15.jpg\" title=\"\" data-gallery=\"\"><img src=\"https:\/\/trattoriacichykacik.pl\/wp-content\/uploads\/2015\/07\/DSC_15-360x238.jpg\" width=\"360\" height=\"238\" alt=\"DSC_15\" \/><\/a><\/li><li><a href=\"https:\/\/trattoriacichykacik.pl\/wp-content\/uploads\/2015\/07\/DSC_14.jpg\" title=\"\" data-gallery=\"\"><img src=\"https:\/\/trattoriacichykacik.pl\/wp-content\/uploads\/2015\/07\/DSC_14-360x238.jpg\" width=\"360\" height=\"238\" alt=\"DSC_14\" \/><\/a><\/li><li><a href=\"https:\/\/trattoriacichykacik.pl\/wp-content\/uploads\/2015\/07\/DSC_16.jpg\" title=\"\" data-gallery=\"\"><img src=\"https:\/\/trattoriacichykacik.pl\/wp-content\/uploads\/2015\/07\/DSC_16-360x238.jpg\" width=\"360\" height=\"238\" alt=\"DSC_16\" \/><\/a><\/li><\/ul><\/div><div id=\"blueimp-gallery\" class=\"blueimp-gallery\" data-useBootstrapModal=\"1\" data-fullScreen=\"0\">\r\n            <div class=\"slides\"><\/div>\r\n            <h3 class=\"title\"><\/h3><a class=\"prev\">&#xffe9;<\/a>\r\n        <a class=\"next\">&#xffeb;<\/a>\r\n        <a class=\"close\">&#120;<\/a>\r\n        <a class=\"play-pause\"><\/a>\r\n        <ol class=\"indicator\"><\/ol>\r\n        <div class=\"modal fade\">\r\n            <div class=\"modal-dialog\">\r\n                <div class=\"modal-content\">\r\n                    <div class=\"modal-header\">\r\n                        <button type=\"button\" class=\"close\" aria-hidden=\"true\">&times;<\/button>\r\n                        <h4 class=\"modal-title\"><\/h4>\r\n                    <\/div>\r\n                    <div class=\"modal-body next\"><\/div>\r\n                    <div class=\"modal-footer\">\r\n                        <button type=\"button\" class=\"btn btn-default pull-left prev\">\r\n                            Previous\r\n                        <\/button>\r\n                        <button type=\"button\" class=\"btn btn-primary next\">\r\n                            Next\r\n                        <\/button>\r\n                    <\/div>\r\n                <\/div>\r\n            <\/div>\r\n        <\/div>\r\n    <\/div><\/p><\/div>\n<\/div>\n\n<div class=\"fw-row\">\n\t<div class=\"fw-col-xs-12\">\n\t<h3 style=\"text-align: center;\">What else makes us special?<\/h3><h3 style=\"text-align: center;\"><img class=\" size-full wp-image-171 aligncenter\" src=\"https:\/\/trattoriacichykacik.pl\/wp-content\/uploads\/2015\/07\/ornament-a.png\" alt=\"ornament-a\" width=\"116\" height=\"22\" \/><\/h3><\/div>\n<\/div>\n\n<div class=\"fw-row\">\n\t<div class=\"fw-col-xs-12 fw-col-sm-3\">\n\t<div class=\"box-ecru\"><div class=\"box-ecru-border\"><p><img width=\"77\" height=\"60\" alt=\"ico-parking\" src=\"https:\/\/trattoriacichykacik.pl\/wp-content\/uploads\/2015\/07\/ico-parking1.png\" class=\" size-full wp-image-568 aligncenter\"><\/p><h4 style=\"text-align: center;\">Free parking<\/h4><\/div><\/div><\/div>\n<div class=\"fw-col-xs-12 fw-col-sm-3\">\n\t<div class=\"box-ecru\"><div class=\"box-ecru-border\"><p><img width=\"77\" height=\"60\" alt=\"ico-taras\" src=\"https:\/\/trattoriacichykacik.pl\/wp-content\/uploads\/2015\/07\/ico-taras.png\" class=\" size-full wp-image-570 aligncenter\"><\/p><h4 style=\"text-align: center;\">Summer terrace<\/h4><\/div><\/div><\/div>\n<div class=\"fw-col-xs-12 fw-col-sm-3\">\n\t<div class=\"box-ecru\"><div class=\"box-ecru-border\"><p><img width=\"70\" height=\"60\" alt=\"ico-coloseum\" src=\"https:\/\/trattoriacichykacik.pl\/wp-content\/uploads\/2015\/07\/ico-coloseum.png\" class=\" size-full wp-image-255 aligncenter\"><\/p><h4 style=\"text-align: center;\">Original Italian kitchen<\/h4><\/div><\/div><\/div>\n<div class=\"fw-col-xs-12 fw-col-sm-3\">\n\t<div class=\"box-ecru\"><div class=\"box-ecru-border\"><p><img width=\"70\" height=\"60\" alt=\"ico-children\" src=\"https:\/\/trattoriacichykacik.pl\/wp-content\/uploads\/2015\/07\/ico-children.png\" class=\" size-full wp-image-262 aligncenter\"><\/p><h4 style=\"text-align: center;\">Kids activities<\/h4><\/div><\/div><\/div>\n<\/div>\n\n\t<\/div>\n<\/section>\n\n","protected":false},"excerpt":{"rendered":"<p>Trattoria Cichy K\u0105cik (Quiet Corner) is a unique place located right next to B\u0142onia \u2013 a one of a kind, huge meadow located in the city centre. Since January 2012, we have been offering genuine Italian cuisine and the vibe corresponding with the name to our Guests. As soon as you enter Cichy K\u0105cik you [&hellip;]<\/p>\n","protected":false},"author":1,"featured_media":0,"parent":0,"menu_order":0,"comment_status":"open","ping_status":"open","template":"","meta":[],"acf":[],"yoast_head":"<!-- This site is optimized with the Yoast SEO plugin v20.3 - https:\/\/yoast.com\/wordpress\/plugins\/seo\/ -->\n<title>About the Restaurant - Restauracja Trattoria B\u0142onia Cichy K\u0105cik - ul. Chodowieckiego 1, Krak\u00f3w<\/title>\n<meta name=\"description\" content=\"Trattoria Cichy K\u0105cik to wyj\u0105tkowe miejsce po\u0142o\u017cone tu\u017c obok jednej z najwi\u0119kszych europejskich \u0142\u0105k w centrum miasta \u2013 krakowskich B\u0142o\u0144\" \/>\n<meta name=\"robots\" content=\"index, follow, max-snippet:-1, max-image-preview:large, max-video-preview:-1\" \/>\n<link rel=\"canonical\" href=\"https:\/\/trattoriacichykacik.pl\/en\/about-the-restaurant\/\" \/>\n<meta property=\"og:locale\" content=\"en_US\" \/>\n<meta property=\"og:type\" content=\"article\" \/>\n<meta property=\"og:title\" content=\"About the Restaurant - Restauracja Trattoria B\u0142onia Cichy K\u0105cik - ul. Chodowieckiego 1, Krak\u00f3w\" \/>\n<meta property=\"og:description\" content=\"Trattoria Cichy K\u0105cik to wyj\u0105tkowe miejsce po\u0142o\u017cone tu\u017c obok jednej z najwi\u0119kszych europejskich \u0142\u0105k w centrum miasta \u2013 krakowskich B\u0142o\u0144\" \/>\n<meta property=\"og:url\" content=\"https:\/\/trattoriacichykacik.pl\/en\/about-the-restaurant\/\" \/>\n<meta property=\"og:site_name\" content=\"Restauracja Trattoria B\u0142onia Cichy K\u0105cik - ul. Chodowieckiego 1, Krak\u00f3w\" \/>\n<meta property=\"article:modified_time\" content=\"2015-09-12T14:03:25+00:00\" \/>\n<meta name=\"twitter:card\" content=\"summary_large_image\" \/>\n<meta name=\"twitter:label1\" content=\"Est. reading time\" \/>\n\t<meta name=\"twitter:data1\" content=\"4 minutes\" \/>\n<script type=\"application\/ld+json\" class=\"yoast-schema-graph\">{\"@context\":\"https:\/\/schema.org\",\"@graph\":[{\"@type\":\"WebPage\",\"@id\":\"https:\/\/trattoriacichykacik.pl\/en\/about-the-restaurant\/\",\"url\":\"https:\/\/trattoriacichykacik.pl\/en\/about-the-restaurant\/\",\"name\":\"About the Restaurant - Restauracja Trattoria B\u0142onia Cichy K\u0105cik - ul. Chodowieckiego 1, Krak\u00f3w\",\"isPartOf\":{\"@id\":\"https:\/\/trattoriacichykacik.pl\/#website\"},\"datePublished\":\"2015-09-12T13:54:13+00:00\",\"dateModified\":\"2015-09-12T14:03:25+00:00\",\"description\":\"Trattoria Cichy K\u0105cik to wyj\u0105tkowe miejsce po\u0142o\u017cone tu\u017c obok jednej z najwi\u0119kszych europejskich \u0142\u0105k w centrum miasta \u2013 krakowskich B\u0142o\u0144\",\"breadcrumb\":{\"@id\":\"https:\/\/trattoriacichykacik.pl\/en\/about-the-restaurant\/#breadcrumb\"},\"inLanguage\":\"en-US\",\"potentialAction\":[{\"@type\":\"ReadAction\",\"target\":[\"https:\/\/trattoriacichykacik.pl\/en\/about-the-restaurant\/\"]}]},{\"@type\":\"BreadcrumbList\",\"@id\":\"https:\/\/trattoriacichykacik.pl\/en\/about-the-restaurant\/#breadcrumb\",\"itemListElement\":[{\"@type\":\"ListItem\",\"position\":1,\"name\":\"Strona g\u0142\u00f3wna\",\"item\":\"https:\/\/trattoriacichykacik.pl\/\"},{\"@type\":\"ListItem\",\"position\":2,\"name\":\"About the Restaurant\"}]},{\"@type\":\"WebSite\",\"@id\":\"https:\/\/trattoriacichykacik.pl\/#website\",\"url\":\"https:\/\/trattoriacichykacik.pl\/\",\"name\":\"Restauracja Trattoria B\u0142onia Cichy K\u0105cik - ul. Chodowieckiego 1, Krak\u00f3w\",\"description\":\"Pyszne jedzenie i niesamowity klimat\",\"potentialAction\":[{\"@type\":\"SearchAction\",\"target\":{\"@type\":\"EntryPoint\",\"urlTemplate\":\"https:\/\/trattoriacichykacik.pl\/?s={search_term_string}\"},\"query-input\":\"required name=search_term_string\"}],\"inLanguage\":\"en-US\"}]}<\/script>\n<!-- \/ Yoast SEO plugin. -->","yoast_head_json":{"title":"About the Restaurant - Restauracja Trattoria B\u0142onia Cichy K\u0105cik - ul. Chodowieckiego 1, Krak\u00f3w","description":"Trattoria Cichy K\u0105cik to wyj\u0105tkowe miejsce po\u0142o\u017cone tu\u017c obok jednej z najwi\u0119kszych europejskich \u0142\u0105k w centrum miasta \u2013 krakowskich B\u0142o\u0144","robots":{"index":"index","follow":"follow","max-snippet":"max-snippet:-1","max-image-preview":"max-image-preview:large","max-video-preview":"max-video-preview:-1"},"canonical":"https:\/\/trattoriacichykacik.pl\/en\/about-the-restaurant\/","og_locale":"en_US","og_type":"article","og_title":"About the Restaurant - Restauracja Trattoria B\u0142onia Cichy K\u0105cik - ul. Chodowieckiego 1, Krak\u00f3w","og_description":"Trattoria Cichy K\u0105cik to wyj\u0105tkowe miejsce po\u0142o\u017cone tu\u017c obok jednej z najwi\u0119kszych europejskich \u0142\u0105k w centrum miasta \u2013 krakowskich B\u0142o\u0144","og_url":"https:\/\/trattoriacichykacik.pl\/en\/about-the-restaurant\/","og_site_name":"Restauracja Trattoria B\u0142onia Cichy K\u0105cik - ul. Chodowieckiego 1, Krak\u00f3w","article_modified_time":"2015-09-12T14:03:25+00:00","twitter_card":"summary_large_image","twitter_misc":{"Est. reading time":"4 minutes"},"schema":{"@context":"https:\/\/schema.org","@graph":[{"@type":"WebPage","@id":"https:\/\/trattoriacichykacik.pl\/en\/about-the-restaurant\/","url":"https:\/\/trattoriacichykacik.pl\/en\/about-the-restaurant\/","name":"About the Restaurant - Restauracja Trattoria B\u0142onia Cichy K\u0105cik - ul. Chodowieckiego 1, Krak\u00f3w","isPartOf":{"@id":"https:\/\/trattoriacichykacik.pl\/#website"},"datePublished":"2015-09-12T13:54:13+00:00","dateModified":"2015-09-12T14:03:25+00:00","description":"Trattoria Cichy K\u0105cik to wyj\u0105tkowe miejsce po\u0142o\u017cone tu\u017c obok jednej z najwi\u0119kszych europejskich \u0142\u0105k w centrum miasta \u2013 krakowskich B\u0142o\u0144","breadcrumb":{"@id":"https:\/\/trattoriacichykacik.pl\/en\/about-the-restaurant\/#breadcrumb"},"inLanguage":"en-US","potentialAction":[{"@type":"ReadAction","target":["https:\/\/trattoriacichykacik.pl\/en\/about-the-restaurant\/"]}]},{"@type":"BreadcrumbList","@id":"https:\/\/trattoriacichykacik.pl\/en\/about-the-restaurant\/#breadcrumb","itemListElement":[{"@type":"ListItem","position":1,"name":"Strona g\u0142\u00f3wna","item":"https:\/\/trattoriacichykacik.pl\/"},{"@type":"ListItem","position":2,"name":"About the Restaurant"}]},{"@type":"WebSite","@id":"https:\/\/trattoriacichykacik.pl\/#website","url":"https:\/\/trattoriacichykacik.pl\/","name":"Restauracja Trattoria B\u0142onia Cichy K\u0105cik - ul. Chodowieckiego 1, Krak\u00f3w","description":"Pyszne jedzenie i niesamowity klimat","potentialAction":[{"@type":"SearchAction","target":{"@type":"EntryPoint","urlTemplate":"https:\/\/trattoriacichykacik.pl\/?s={search_term_string}"},"query-input":"required name=search_term_string"}],"inLanguage":"en-US"}]}},"_links":{"self":[{"href":"https:\/\/trattoriacichykacik.pl\/en\/wp-json\/wp\/v2\/pages\/654"}],"collection":[{"href":"https:\/\/trattoriacichykacik.pl\/en\/wp-json\/wp\/v2\/pages"}],"about":[{"href":"https:\/\/trattoriacichykacik.pl\/en\/wp-json\/wp\/v2\/types\/page"}],"author":[{"embeddable":true,"href":"https:\/\/trattoriacichykacik.pl\/en\/wp-json\/wp\/v2\/users\/1"}],"replies":[{"embeddable":true,"href":"https:\/\/trattoriacichykacik.pl\/en\/wp-json\/wp\/v2\/comments?post=654"}],"version-history":[{"count":0,"href":"https:\/\/trattoriacichykacik.pl\/en\/wp-json\/wp\/v2\/pages\/654\/revisions"}],"wp:attachment":[{"href":"https:\/\/trattoriacichykacik.pl\/en\/wp-json\/wp\/v2\/media?parent=654"}],"curies":[{"name":"wp","href":"https:\/\/api.w.org\/{rel}","templated":true}]}}