{"id":664,"date":"2015-09-12T16:09:14","date_gmt":"2015-09-12T14:09:14","guid":{"rendered":"https:\/\/trattoriacichykacik.pl\/?page_id=664"},"modified":"2015-09-12T16:09:14","modified_gmt":"2015-09-12T14:09:14","slug":"our-offer","status":"publish","type":"page","link":"https:\/\/trattoriacichykacik.pl\/en\/our-offer\/","title":{"rendered":"Our Offer"},"content":{"rendered":"<section class=\"fw-main-row \"  >\n\t<div class=\"fw-container\">\n\t\t<div class=\"fw-row\">\n\t<div class=\"fw-col-xs-12 fw-col-sm-4\">\n\t<h4 style=\"text-align: center;\">Our Offer for business<\/h4><p><img class=\" size-full wp-image-315 aligncenter\" src=\"https:\/\/trattoriacichykacik.pl\/wp-content\/uploads\/2015\/07\/ornament-c.png\" alt=\"ornament-c\" width=\"78\" height=\"15\" \/><br \/>Looking for an idea for a staff party which your employees will remember long after it's finished? Laid-back vibe and great food at Cichy K\u0105cik guarantees such experience. Contact us and tell us what you need!<\/p><\/div>\n<div class=\"fw-col-xs-12 fw-col-sm-4\">\n\t<h4 style=\"text-align: center;\">Family Reunions<\/h4><p><img class=\" size-full wp-image-315 aligncenter\" src=\"https:\/\/trattoriacichykacik.pl\/wp-content\/uploads\/2015\/07\/ornament-c.png\" alt=\"ornament-c\" width=\"78\" height=\"15\" \/><br \/>Christening, First Communion, anniversaries, birthdays \u2013 these are just a few kinds of family reunions we frequently organise at Trattoria Cichy K\u0105cik. Contact us and tell us what kind of party you would like to throw! <\/p><\/div>\n<div class=\"fw-col-xs-12 fw-col-sm-4\">\n\t<h4 style=\"text-align: center;\">Vouchers<\/h4><p><img class=\" size-full wp-image-315 aligncenter\" src=\"https:\/\/trattoriacichykacik.pl\/wp-content\/uploads\/2015\/07\/ornament-c.png\" alt=\"ornament-c\" width=\"78\" height=\"15\" \/><br \/>Looking for a gift which will make your loved one happy? An invitation to Trattoria should do the trick! Contact us and buy a voucher for your loved ones!<\/p><\/div>\n<\/div>\n\n<div class=\"fw-row\">\n\t<div class=\"fw-col-xs-12 fw-col-sm-4\">\n\t<h4 style=\"text-align: center;\">Lunches and Brunches<\/h4><p><img class=\" size-full wp-image-315 aligncenter\" src=\"https:\/\/trattoriacichykacik.pl\/wp-content\/uploads\/2015\/07\/ornament-c.png\" alt=\"ornament-c\" width=\"78\" height=\"15\" \/><br \/>A break for a quick and light meal? You won't spend it nicer (and more tasty) anywhere else. We invite all the busy bees to Trattoria!<\/p><\/div>\n<div class=\"fw-col-xs-12 fw-col-sm-4\">\n\t<h4 style=\"text-align: center;\">Tourist groups<\/h4><p><img class=\" size-full wp-image-315 aligncenter\" src=\"https:\/\/trattoriacichykacik.pl\/wp-content\/uploads\/2015\/07\/ornament-c.png\" alt=\"ornament-c\" width=\"78\" height=\"15\" \/><br \/>We're happy to serve tourist groups too. Both from Poland and from abroad. We suggest contacting our manager earlier in order to make a reservation and set the details of the meal!<\/p><\/div>\n<div class=\"fw-col-xs-12 fw-col-sm-4\">\n\t<h4 style=\"text-align: center;\">Christmas and Easter parties<\/h4><p><img class=\" size-full wp-image-315 aligncenter\" src=\"https:\/\/trattoriacichykacik.pl\/wp-content\/uploads\/2015\/07\/ornament-c.png\" alt=\"ornament-c\" width=\"78\" height=\"15\" \/><br \/>A Christmas or Easter  party with friends or family? Best organise it in our restaurant with good food and exceptional atmosphere. Check out our Christmas menu propositions!<\/p><\/div>\n<\/div>\n\n<div class=\"fw-row\">\n\t<div class=\"fw-col-xs-12 fw-col-sm-4\">\n\t<h4 style=\"text-align: center;\">New Year's Eve<\/h4><p><img class=\" size-full wp-image-315 aligncenter\" src=\"https:\/\/trattoriacichykacik.pl\/wp-content\/uploads\/2015\/07\/ornament-c.png\" alt=\"ornament-c\" width=\"78\" height=\"15\" \/><br \/>Our Guests know where to spend the most extraordinary night of the year! Join us and party Italian style... only in Trattoria!<\/p><\/div>\n<div class=\"fw-col-xs-12 fw-col-sm-4\">\n\t<h4 style=\"text-align: center;\">Catering<\/h4><p><img class=\" size-full wp-image-315 aligncenter\" src=\"https:\/\/trattoriacichykacik.pl\/wp-content\/uploads\/2015\/07\/ornament-c.png\" alt=\"ornament-c\" width=\"78\" height=\"15\" \/><br \/>The flavours of our meals remain exceptional outside Cichy K\u0105cik too. That's why we are always happy to prepare a catering menu which we deliver to offices on various occasions so you can enjoy our food wherever you like! <\/p><\/div>\n<div class=\"fw-col-xs-12 fw-col-sm-4\">\n\t<h4 style=\"text-align: center;\">Seasonal meals<\/h4><p><img class=\" size-full wp-image-315 aligncenter\" src=\"https:\/\/trattoriacichykacik.pl\/wp-content\/uploads\/2015\/07\/ornament-c.png\" alt=\"ornament-c\" width=\"78\" height=\"15\" \/><br \/>Asparagus, strawberries, raspberries, wild mushrooms... These are just a few seasonal delicacies we like to include in the menu in Trattoria. Fruit and vegetable lovers should check our seasonal menu frequently and look for new positions. Surely, everyone will find something they like!<\/p><\/div>\n<\/div>\n\n\t<\/div>\n<\/section>\n\n","protected":false},"excerpt":{"rendered":"<p>Our Offer for businessLooking for an idea for a staff party which your employees will remember long after it&#8217;s finished? Laid-back vibe and great food at Cichy K\u0105cik guarantees such experience. Contact us and tell us what you need! Family ReunionsChristening, First Communion, anniversaries, birthdays \u2013 these are just a few kinds of family reunions [&hellip;]<\/p>\n","protected":false},"author":1,"featured_media":0,"parent":0,"menu_order":0,"comment_status":"open","ping_status":"open","template":"page-offer.php","meta":[],"acf":[],"yoast_head":"<!-- This site is optimized with the Yoast SEO plugin v20.3 - https:\/\/yoast.com\/wordpress\/plugins\/seo\/ -->\n<title>Our Offer - Restauracja Trattoria B\u0142onia Cichy K\u0105cik - ul. Chodowieckiego 1, Krak\u00f3w<\/title>\n<meta name=\"description\" content=\"Trattoria Cichy K\u0105cik to wyj\u0105tkowe miejsce po\u0142o\u017cone tu\u017c obok jednej z najwi\u0119kszych europejskich \u0142\u0105k w centrum miasta \u2013 krakowskich B\u0142o\u0144\" \/>\n<meta name=\"robots\" content=\"index, follow, max-snippet:-1, max-image-preview:large, max-video-preview:-1\" \/>\n<link rel=\"canonical\" href=\"https:\/\/trattoriacichykacik.pl\/en\/our-offer\/\" \/>\n<meta property=\"og:locale\" content=\"en_US\" \/>\n<meta property=\"og:type\" content=\"article\" \/>\n<meta property=\"og:title\" content=\"Our Offer - Restauracja Trattoria B\u0142onia Cichy K\u0105cik - ul. Chodowieckiego 1, Krak\u00f3w\" \/>\n<meta property=\"og:description\" content=\"Trattoria Cichy K\u0105cik to wyj\u0105tkowe miejsce po\u0142o\u017cone tu\u017c obok jednej z najwi\u0119kszych europejskich \u0142\u0105k w centrum miasta \u2013 krakowskich B\u0142o\u0144\" \/>\n<meta property=\"og:url\" content=\"https:\/\/trattoriacichykacik.pl\/en\/our-offer\/\" \/>\n<meta property=\"og:site_name\" content=\"Restauracja Trattoria B\u0142onia Cichy K\u0105cik - ul. Chodowieckiego 1, Krak\u00f3w\" \/>\n<meta name=\"twitter:card\" content=\"summary_large_image\" \/>\n<meta name=\"twitter:label1\" content=\"Est. reading time\" \/>\n\t<meta name=\"twitter:data1\" content=\"5 minutes\" \/>\n<script type=\"application\/ld+json\" class=\"yoast-schema-graph\">{\"@context\":\"https:\/\/schema.org\",\"@graph\":[{\"@type\":\"WebPage\",\"@id\":\"https:\/\/trattoriacichykacik.pl\/en\/our-offer\/\",\"url\":\"https:\/\/trattoriacichykacik.pl\/en\/our-offer\/\",\"name\":\"Our Offer - Restauracja Trattoria B\u0142onia Cichy K\u0105cik - ul. Chodowieckiego 1, Krak\u00f3w\",\"isPartOf\":{\"@id\":\"https:\/\/trattoriacichykacik.pl\/#website\"},\"datePublished\":\"2015-09-12T14:09:14+00:00\",\"dateModified\":\"2015-09-12T14:09:14+00:00\",\"description\":\"Trattoria Cichy K\u0105cik to wyj\u0105tkowe miejsce po\u0142o\u017cone tu\u017c obok jednej z najwi\u0119kszych europejskich \u0142\u0105k w centrum miasta \u2013 krakowskich B\u0142o\u0144\",\"breadcrumb\":{\"@id\":\"https:\/\/trattoriacichykacik.pl\/en\/our-offer\/#breadcrumb\"},\"inLanguage\":\"en-US\",\"potentialAction\":[{\"@type\":\"ReadAction\",\"target\":[\"https:\/\/trattoriacichykacik.pl\/en\/our-offer\/\"]}]},{\"@type\":\"BreadcrumbList\",\"@id\":\"https:\/\/trattoriacichykacik.pl\/en\/our-offer\/#breadcrumb\",\"itemListElement\":[{\"@type\":\"ListItem\",\"position\":1,\"name\":\"Strona g\u0142\u00f3wna\",\"item\":\"https:\/\/trattoriacichykacik.pl\/\"},{\"@type\":\"ListItem\",\"position\":2,\"name\":\"Our Offer\"}]},{\"@type\":\"WebSite\",\"@id\":\"https:\/\/trattoriacichykacik.pl\/#website\",\"url\":\"https:\/\/trattoriacichykacik.pl\/\",\"name\":\"Restauracja Trattoria B\u0142onia Cichy K\u0105cik - ul. Chodowieckiego 1, Krak\u00f3w\",\"description\":\"Pyszne jedzenie i niesamowity klimat\",\"potentialAction\":[{\"@type\":\"SearchAction\",\"target\":{\"@type\":\"EntryPoint\",\"urlTemplate\":\"https:\/\/trattoriacichykacik.pl\/?s={search_term_string}\"},\"query-input\":\"required name=search_term_string\"}],\"inLanguage\":\"en-US\"}]}<\/script>\n<!-- \/ Yoast SEO plugin. -->","yoast_head_json":{"title":"Our Offer - Restauracja Trattoria B\u0142onia Cichy K\u0105cik - ul. Chodowieckiego 1, Krak\u00f3w","description":"Trattoria Cichy K\u0105cik to wyj\u0105tkowe miejsce po\u0142o\u017cone tu\u017c obok jednej z najwi\u0119kszych europejskich \u0142\u0105k w centrum miasta \u2013 krakowskich B\u0142o\u0144","robots":{"index":"index","follow":"follow","max-snippet":"max-snippet:-1","max-image-preview":"max-image-preview:large","max-video-preview":"max-video-preview:-1"},"canonical":"https:\/\/trattoriacichykacik.pl\/en\/our-offer\/","og_locale":"en_US","og_type":"article","og_title":"Our Offer - Restauracja Trattoria B\u0142onia Cichy K\u0105cik - ul. Chodowieckiego 1, Krak\u00f3w","og_description":"Trattoria Cichy K\u0105cik to wyj\u0105tkowe miejsce po\u0142o\u017cone tu\u017c obok jednej z najwi\u0119kszych europejskich \u0142\u0105k w centrum miasta \u2013 krakowskich B\u0142o\u0144","og_url":"https:\/\/trattoriacichykacik.pl\/en\/our-offer\/","og_site_name":"Restauracja Trattoria B\u0142onia Cichy K\u0105cik - ul. Chodowieckiego 1, Krak\u00f3w","twitter_card":"summary_large_image","twitter_misc":{"Est. reading time":"5 minutes"},"schema":{"@context":"https:\/\/schema.org","@graph":[{"@type":"WebPage","@id":"https:\/\/trattoriacichykacik.pl\/en\/our-offer\/","url":"https:\/\/trattoriacichykacik.pl\/en\/our-offer\/","name":"Our Offer - Restauracja Trattoria B\u0142onia Cichy K\u0105cik - ul. Chodowieckiego 1, Krak\u00f3w","isPartOf":{"@id":"https:\/\/trattoriacichykacik.pl\/#website"},"datePublished":"2015-09-12T14:09:14+00:00","dateModified":"2015-09-12T14:09:14+00:00","description":"Trattoria Cichy K\u0105cik to wyj\u0105tkowe miejsce po\u0142o\u017cone tu\u017c obok jednej z najwi\u0119kszych europejskich \u0142\u0105k w centrum miasta \u2013 krakowskich B\u0142o\u0144","breadcrumb":{"@id":"https:\/\/trattoriacichykacik.pl\/en\/our-offer\/#breadcrumb"},"inLanguage":"en-US","potentialAction":[{"@type":"ReadAction","target":["https:\/\/trattoriacichykacik.pl\/en\/our-offer\/"]}]},{"@type":"BreadcrumbList","@id":"https:\/\/trattoriacichykacik.pl\/en\/our-offer\/#breadcrumb","itemListElement":[{"@type":"ListItem","position":1,"name":"Strona g\u0142\u00f3wna","item":"https:\/\/trattoriacichykacik.pl\/"},{"@type":"ListItem","position":2,"name":"Our Offer"}]},{"@type":"WebSite","@id":"https:\/\/trattoriacichykacik.pl\/#website","url":"https:\/\/trattoriacichykacik.pl\/","name":"Restauracja Trattoria B\u0142onia Cichy K\u0105cik - ul. Chodowieckiego 1, Krak\u00f3w","description":"Pyszne jedzenie i niesamowity klimat","potentialAction":[{"@type":"SearchAction","target":{"@type":"EntryPoint","urlTemplate":"https:\/\/trattoriacichykacik.pl\/?s={search_term_string}"},"query-input":"required name=search_term_string"}],"inLanguage":"en-US"}]}},"_links":{"self":[{"href":"https:\/\/trattoriacichykacik.pl\/en\/wp-json\/wp\/v2\/pages\/664"}],"collection":[{"href":"https:\/\/trattoriacichykacik.pl\/en\/wp-json\/wp\/v2\/pages"}],"about":[{"href":"https:\/\/trattoriacichykacik.pl\/en\/wp-json\/wp\/v2\/types\/page"}],"author":[{"embeddable":true,"href":"https:\/\/trattoriacichykacik.pl\/en\/wp-json\/wp\/v2\/users\/1"}],"replies":[{"embeddable":true,"href":"https:\/\/trattoriacichykacik.pl\/en\/wp-json\/wp\/v2\/comments?post=664"}],"version-history":[{"count":0,"href":"https:\/\/trattoriacichykacik.pl\/en\/wp-json\/wp\/v2\/pages\/664\/revisions"}],"wp:attachment":[{"href":"https:\/\/trattoriacichykacik.pl\/en\/wp-json\/wp\/v2\/media?parent=664"}],"curies":[{"name":"wp","href":"https:\/\/api.w.org\/{rel}","templated":true}]}}