{"id":670,"date":"2015-09-12T16:15:17","date_gmt":"2015-09-12T14:15:17","guid":{"rendered":"https:\/\/trattoriacichykacik.pl\/?page_id=670"},"modified":"2015-09-12T16:16:24","modified_gmt":"2015-09-12T14:16:24","slug":"remarkable-flavour","status":"publish","type":"page","link":"https:\/\/trattoriacichykacik.pl\/en\/remarkable-flavour\/","title":{"rendered":"Remarkable flavour"},"content":{"rendered":"<section class=\"fw-main-row \"  >\n\t<div class=\"fw-container\">\n\t\t<div class=\"fw-row\">\n\t<div class=\"fw-col-xs-12\">\n\t<p style=\"text-align: center;\">Italian cuisine is one of the most popular cuisines in the world. It's hard to imagine Europe's and world's everyday menus without pizza, pasta and Italian desserts. According to our guests' opinions we're one of the best restaurants in Cracow when it comes to such meals. See why! <\/p><\/div>\n<\/div>\n\n<div class=\"fw-row\">\n\t<div class=\"fw-col-xs-12 fw-col-sm-3\">\n\t<p><img width=\"250\" height=\"170\" alt=\"handdraw-pizza\" src=\"https:\/\/trattoriacichykacik.pl\/wp-content\/uploads\/2015\/07\/handdraw-pizza.png\" class=\" size-full wp-image-127 aligncenter\"><\/p><h4 style=\"text-align: center;\">Traditional pizza<\/h4><p><span class=\"fw-btn fw-btn-1\">Read more<\/span><\/p><p style=\"text-align: center;\">Crispy, thin dough, Italian flour and best toppings. That's the foundation of our pizza which gets its distinct character from the process of baking in a wood-fired oven. It's one of the favourites of Trattoria's guests.<\/p><p><a href=\"https:\/\/trattoriacichykacik.pl\/en\/menu#pizza\" class=\"href-100height\"><!-- link --><\/a><\/p><\/div>\n<div class=\"fw-col-xs-12 fw-col-sm-3\">\n\t<p><img width=\"250\" height=\"170\" alt=\"handdraw-spagetti\" src=\"https:\/\/trattoriacichykacik.pl\/wp-content\/uploads\/2015\/07\/handdraw-spagetti.png\" class=\" size-full wp-image-114 aligncenter\"><\/p><h4 style=\"text-align: center;\">Italian specialties<\/h4><p><span class=\"fw-btn fw-btn-1\">Read more<\/span><\/p><p style=\"text-align: center;\">Italians love cooking with lots of vegetables and spices such as oregano, basil, thyme or rosemary. Parmesan, olive oil, tomatoes, onions, garlic and olives are also some of the most popular ingredients. We have it in mind in Cichy K\u0105cik. We prepare our specialties such as pastas, risottos or seafood as they do in Italy!<\/p><p><a href=\"https:\/\/trattoriacichykacik.pl\/en\/menu#specjaly\" class=\"href-100height\"><!-- link --><\/a><\/p><\/div>\n<div class=\"fw-col-xs-12 fw-col-sm-3\">\n\t<p><img width=\"250\" height=\"170\" alt=\"handdraw-meal\" src=\"https:\/\/trattoriacichykacik.pl\/wp-content\/uploads\/2015\/07\/handdraw-meal.png\" class=\" size-full wp-image-112 aligncenter\"><\/p><h4 style=\"text-align: center;\">Delicious food<\/h4><p><span class=\"fw-btn fw-btn-1\">Read more<\/span><\/p><p style=\"text-align: center;\">Perfect flavour of meat, fish and vegetarian dishes is a result of original recipes, fresh ingredients and chefs' skills. They make every, even the most inconspicuous meal at Trattoria taste perfect!<\/p><p><a href=\"https:\/\/trattoriacichykacik.pl\/en\/menu#dania\" class=\"href-100height\"><!-- link --><\/a><\/p><\/div>\n<div class=\"fw-col-xs-12 fw-col-sm-3\">\n\t<p><img width=\"250\" height=\"170\" alt=\"handdraw-wine\" src=\"https:\/\/trattoriacichykacik.pl\/wp-content\/uploads\/2015\/07\/handdraw-wine.png\" class=\" size-full wp-image-115 aligncenter\"><\/p><h4 style=\"text-align: center;\">Wines<\/h4><p><span class=\"fw-btn fw-btn-1\">Read more<\/span><\/p><p style=\"text-align: center;\">White or red, dry or sweet... Regardless of your choice, wine is a necessary addition to pretty much every Italian meal. In Cichy K\u0105cik we select the wines most carefully. Among other, we offer a selection of wines from Cracow's Srebrna G\u00f3ra vineyard.<\/p><p><a href=\"https:\/\/trattoriacichykacik.pl\/en\/menu#wino\" class=\"href-100height\"><!-- link --><\/a><\/p><\/div>\n<\/div>\n\n<div class=\"fw-row\">\n\t<div class=\"fw-col-xs-12\">\n\t<h4 style=\"text-align: center;\">Have a look at our full menu!<\/h4><a href=\"https:\/\/trattoriacichykacik.pl\/en\/menu\/\" target=\"_self\" class=\"fw-btn fw-btn-1 \">\n\t<span>Read more<\/span>\n<\/a><\/div>\n<\/div>\n\n\t<\/div>\n<\/section>\n\n","protected":false},"excerpt":{"rendered":"<p>Italian cuisine is one of the most popular cuisines in the world. It&#8217;s hard to imagine Europe&#8217;s and world&#8217;s everyday menus without pizza, pasta and Italian desserts. According to our guests&#8217; opinions we&#8217;re one of the best restaurants in Cracow when it comes to such meals. See why! Traditional pizzaRead moreCrispy, thin dough, Italian flour [&hellip;]<\/p>\n","protected":false},"author":1,"featured_media":0,"parent":0,"menu_order":0,"comment_status":"open","ping_status":"open","template":"","meta":[],"acf":[],"yoast_head":"<!-- This site is optimized with the Yoast SEO plugin v20.3 - https:\/\/yoast.com\/wordpress\/plugins\/seo\/ -->\n<title>Remarkable flavour - Restauracja Trattoria B\u0142onia Cichy K\u0105cik - ul. Chodowieckiego 1, Krak\u00f3w<\/title>\n<meta name=\"description\" content=\"Trattoria Cichy K\u0105cik to wyj\u0105tkowe miejsce po\u0142o\u017cone tu\u017c obok jednej z najwi\u0119kszych europejskich \u0142\u0105k w centrum miasta \u2013 krakowskich B\u0142o\u0144\" \/>\n<meta name=\"robots\" content=\"index, follow, max-snippet:-1, max-image-preview:large, max-video-preview:-1\" \/>\n<link rel=\"canonical\" href=\"https:\/\/trattoriacichykacik.pl\/en\/remarkable-flavour\/\" \/>\n<meta property=\"og:locale\" content=\"en_US\" \/>\n<meta property=\"og:type\" content=\"article\" \/>\n<meta property=\"og:title\" content=\"Remarkable flavour - Restauracja Trattoria B\u0142onia Cichy K\u0105cik - ul. Chodowieckiego 1, Krak\u00f3w\" \/>\n<meta property=\"og:description\" content=\"Trattoria Cichy K\u0105cik to wyj\u0105tkowe miejsce po\u0142o\u017cone tu\u017c obok jednej z najwi\u0119kszych europejskich \u0142\u0105k w centrum miasta \u2013 krakowskich B\u0142o\u0144\" \/>\n<meta property=\"og:url\" content=\"https:\/\/trattoriacichykacik.pl\/en\/remarkable-flavour\/\" \/>\n<meta property=\"og:site_name\" content=\"Restauracja Trattoria B\u0142onia Cichy K\u0105cik - ul. Chodowieckiego 1, Krak\u00f3w\" \/>\n<meta property=\"article:modified_time\" content=\"2015-09-12T14:16:24+00:00\" \/>\n<meta name=\"twitter:card\" content=\"summary_large_image\" \/>\n<meta name=\"twitter:label1\" content=\"Est. reading time\" \/>\n\t<meta name=\"twitter:data1\" content=\"4 minutes\" \/>\n<script type=\"application\/ld+json\" class=\"yoast-schema-graph\">{\"@context\":\"https:\/\/schema.org\",\"@graph\":[{\"@type\":\"WebPage\",\"@id\":\"https:\/\/trattoriacichykacik.pl\/en\/remarkable-flavour\/\",\"url\":\"https:\/\/trattoriacichykacik.pl\/en\/remarkable-flavour\/\",\"name\":\"Remarkable flavour - Restauracja Trattoria B\u0142onia Cichy K\u0105cik - ul. Chodowieckiego 1, Krak\u00f3w\",\"isPartOf\":{\"@id\":\"https:\/\/trattoriacichykacik.pl\/#website\"},\"datePublished\":\"2015-09-12T14:15:17+00:00\",\"dateModified\":\"2015-09-12T14:16:24+00:00\",\"description\":\"Trattoria Cichy K\u0105cik to wyj\u0105tkowe miejsce po\u0142o\u017cone tu\u017c obok jednej z najwi\u0119kszych europejskich \u0142\u0105k w centrum miasta \u2013 krakowskich B\u0142o\u0144\",\"breadcrumb\":{\"@id\":\"https:\/\/trattoriacichykacik.pl\/en\/remarkable-flavour\/#breadcrumb\"},\"inLanguage\":\"en-US\",\"potentialAction\":[{\"@type\":\"ReadAction\",\"target\":[\"https:\/\/trattoriacichykacik.pl\/en\/remarkable-flavour\/\"]}]},{\"@type\":\"BreadcrumbList\",\"@id\":\"https:\/\/trattoriacichykacik.pl\/en\/remarkable-flavour\/#breadcrumb\",\"itemListElement\":[{\"@type\":\"ListItem\",\"position\":1,\"name\":\"Strona g\u0142\u00f3wna\",\"item\":\"https:\/\/trattoriacichykacik.pl\/\"},{\"@type\":\"ListItem\",\"position\":2,\"name\":\"Remarkable flavour\"}]},{\"@type\":\"WebSite\",\"@id\":\"https:\/\/trattoriacichykacik.pl\/#website\",\"url\":\"https:\/\/trattoriacichykacik.pl\/\",\"name\":\"Restauracja Trattoria B\u0142onia Cichy K\u0105cik - ul. Chodowieckiego 1, Krak\u00f3w\",\"description\":\"Pyszne jedzenie i niesamowity klimat\",\"potentialAction\":[{\"@type\":\"SearchAction\",\"target\":{\"@type\":\"EntryPoint\",\"urlTemplate\":\"https:\/\/trattoriacichykacik.pl\/?s={search_term_string}\"},\"query-input\":\"required name=search_term_string\"}],\"inLanguage\":\"en-US\"}]}<\/script>\n<!-- \/ Yoast SEO plugin. -->","yoast_head_json":{"title":"Remarkable flavour - Restauracja Trattoria B\u0142onia Cichy K\u0105cik - ul. Chodowieckiego 1, Krak\u00f3w","description":"Trattoria Cichy K\u0105cik to wyj\u0105tkowe miejsce po\u0142o\u017cone tu\u017c obok jednej z najwi\u0119kszych europejskich \u0142\u0105k w centrum miasta \u2013 krakowskich B\u0142o\u0144","robots":{"index":"index","follow":"follow","max-snippet":"max-snippet:-1","max-image-preview":"max-image-preview:large","max-video-preview":"max-video-preview:-1"},"canonical":"https:\/\/trattoriacichykacik.pl\/en\/remarkable-flavour\/","og_locale":"en_US","og_type":"article","og_title":"Remarkable flavour - Restauracja Trattoria B\u0142onia Cichy K\u0105cik - ul. Chodowieckiego 1, Krak\u00f3w","og_description":"Trattoria Cichy K\u0105cik to wyj\u0105tkowe miejsce po\u0142o\u017cone tu\u017c obok jednej z najwi\u0119kszych europejskich \u0142\u0105k w centrum miasta \u2013 krakowskich B\u0142o\u0144","og_url":"https:\/\/trattoriacichykacik.pl\/en\/remarkable-flavour\/","og_site_name":"Restauracja Trattoria B\u0142onia Cichy K\u0105cik - ul. Chodowieckiego 1, Krak\u00f3w","article_modified_time":"2015-09-12T14:16:24+00:00","twitter_card":"summary_large_image","twitter_misc":{"Est. reading time":"4 minutes"},"schema":{"@context":"https:\/\/schema.org","@graph":[{"@type":"WebPage","@id":"https:\/\/trattoriacichykacik.pl\/en\/remarkable-flavour\/","url":"https:\/\/trattoriacichykacik.pl\/en\/remarkable-flavour\/","name":"Remarkable flavour - Restauracja Trattoria B\u0142onia Cichy K\u0105cik - ul. Chodowieckiego 1, Krak\u00f3w","isPartOf":{"@id":"https:\/\/trattoriacichykacik.pl\/#website"},"datePublished":"2015-09-12T14:15:17+00:00","dateModified":"2015-09-12T14:16:24+00:00","description":"Trattoria Cichy K\u0105cik to wyj\u0105tkowe miejsce po\u0142o\u017cone tu\u017c obok jednej z najwi\u0119kszych europejskich \u0142\u0105k w centrum miasta \u2013 krakowskich B\u0142o\u0144","breadcrumb":{"@id":"https:\/\/trattoriacichykacik.pl\/en\/remarkable-flavour\/#breadcrumb"},"inLanguage":"en-US","potentialAction":[{"@type":"ReadAction","target":["https:\/\/trattoriacichykacik.pl\/en\/remarkable-flavour\/"]}]},{"@type":"BreadcrumbList","@id":"https:\/\/trattoriacichykacik.pl\/en\/remarkable-flavour\/#breadcrumb","itemListElement":[{"@type":"ListItem","position":1,"name":"Strona g\u0142\u00f3wna","item":"https:\/\/trattoriacichykacik.pl\/"},{"@type":"ListItem","position":2,"name":"Remarkable flavour"}]},{"@type":"WebSite","@id":"https:\/\/trattoriacichykacik.pl\/#website","url":"https:\/\/trattoriacichykacik.pl\/","name":"Restauracja Trattoria B\u0142onia Cichy K\u0105cik - ul. Chodowieckiego 1, Krak\u00f3w","description":"Pyszne jedzenie i niesamowity klimat","potentialAction":[{"@type":"SearchAction","target":{"@type":"EntryPoint","urlTemplate":"https:\/\/trattoriacichykacik.pl\/?s={search_term_string}"},"query-input":"required name=search_term_string"}],"inLanguage":"en-US"}]}},"_links":{"self":[{"href":"https:\/\/trattoriacichykacik.pl\/en\/wp-json\/wp\/v2\/pages\/670"}],"collection":[{"href":"https:\/\/trattoriacichykacik.pl\/en\/wp-json\/wp\/v2\/pages"}],"about":[{"href":"https:\/\/trattoriacichykacik.pl\/en\/wp-json\/wp\/v2\/types\/page"}],"author":[{"embeddable":true,"href":"https:\/\/trattoriacichykacik.pl\/en\/wp-json\/wp\/v2\/users\/1"}],"replies":[{"embeddable":true,"href":"https:\/\/trattoriacichykacik.pl\/en\/wp-json\/wp\/v2\/comments?post=670"}],"version-history":[{"count":0,"href":"https:\/\/trattoriacichykacik.pl\/en\/wp-json\/wp\/v2\/pages\/670\/revisions"}],"wp:attachment":[{"href":"https:\/\/trattoriacichykacik.pl\/en\/wp-json\/wp\/v2\/media?parent=670"}],"curies":[{"name":"wp","href":"https:\/\/api.w.org\/{rel}","templated":true}]}}