{"id":678,"date":"2015-09-12T16:21:19","date_gmt":"2015-09-12T14:21:19","guid":{"rendered":"https:\/\/trattoriacichykacik.pl\/?page_id=678"},"modified":"2015-09-12T16:21:48","modified_gmt":"2015-09-12T14:21:48","slug":"gallery","status":"publish","type":"page","link":"https:\/\/trattoriacichykacik.pl\/en\/gallery\/","title":{"rendered":"Gallery"},"content":{"rendered":"<p><img decoding=\"async\" loading=\"lazy\" class=\" size-full wp-image-171 aligncenter\" src=\"https:\/\/trattoriacichykacik.pl\/wp-content\/uploads\/2015\/07\/ornament-a.png\" alt=\"ornament-a\" width=\"116\" height=\"22\" srcset=\"https:\/\/trattoriacichykacik.pl\/wp-content\/uploads\/2015\/07\/ornament-a.png 116w, https:\/\/trattoriacichykacik.pl\/wp-content\/uploads\/2015\/07\/ornament-a-109x22.png 109w\" sizes=\"(max-width: 116px) 100vw, 116px\" \/><\/p>\n<h5 style=\"text-align: center;\">Our restaurant and its atmosphere<\/h5>\n<p><div id=\"wpbgallery_container\"><ul id=\"wpbgallery\" class=\"clearfix\"><li><a href=\"https:\/\/trattoriacichykacik.pl\/wp-content\/uploads\/2015\/07\/DSC_131.jpg\" title=\"\" data-gallery=\"\"><img src=\"https:\/\/trattoriacichykacik.pl\/wp-content\/uploads\/2015\/07\/DSC_131-360x238.jpg\" width=\"360\" height=\"238\" alt=\"DSC_13\" \/><\/a><\/li><li><a href=\"https:\/\/trattoriacichykacik.pl\/wp-content\/uploads\/2015\/07\/DSC_111.jpg\" title=\"\" data-gallery=\"\"><img src=\"https:\/\/trattoriacichykacik.pl\/wp-content\/uploads\/2015\/07\/DSC_111-360x238.jpg\" width=\"360\" height=\"238\" alt=\"DSC_11\" \/><\/a><\/li><li><a href=\"https:\/\/trattoriacichykacik.pl\/wp-content\/uploads\/2015\/07\/DSC_36.jpg\" title=\"\" data-gallery=\"\"><img src=\"https:\/\/trattoriacichykacik.pl\/wp-content\/uploads\/2015\/07\/DSC_36-360x238.jpg\" width=\"360\" height=\"238\" alt=\"DSC_36\" \/><\/a><\/li><li><a href=\"https:\/\/trattoriacichykacik.pl\/wp-content\/uploads\/2015\/07\/DSC_34.jpg\" title=\"\" data-gallery=\"\"><img src=\"https:\/\/trattoriacichykacik.pl\/wp-content\/uploads\/2015\/07\/DSC_34-360x238.jpg\" width=\"360\" height=\"238\" alt=\"DSC_34\" \/><\/a><\/li><li><a href=\"https:\/\/trattoriacichykacik.pl\/wp-content\/uploads\/2015\/07\/DSC_29.jpg\" title=\"\" data-gallery=\"\"><img src=\"https:\/\/trattoriacichykacik.pl\/wp-content\/uploads\/2015\/07\/DSC_29-360x238.jpg\" width=\"360\" height=\"238\" alt=\"DSC_29\" \/><\/a><\/li><li><a href=\"https:\/\/trattoriacichykacik.pl\/wp-content\/uploads\/2015\/07\/DSC_37.jpg\" title=\"\" data-gallery=\"\"><img src=\"https:\/\/trattoriacichykacik.pl\/wp-content\/uploads\/2015\/07\/DSC_37-360x238.jpg\" width=\"360\" height=\"238\" alt=\"DSC_37\" \/><\/a><\/li><li><a href=\"https:\/\/trattoriacichykacik.pl\/wp-content\/uploads\/2015\/07\/DSC_39.jpg\" title=\"\" data-gallery=\"\"><img src=\"https:\/\/trattoriacichykacik.pl\/wp-content\/uploads\/2015\/07\/DSC_39-360x238.jpg\" width=\"360\" height=\"238\" alt=\"DSC_39\" \/><\/a><\/li><li><a href=\"https:\/\/trattoriacichykacik.pl\/wp-content\/uploads\/2015\/07\/DSC_40.jpg\" title=\"\" data-gallery=\"\"><img src=\"https:\/\/trattoriacichykacik.pl\/wp-content\/uploads\/2015\/07\/DSC_40-360x238.jpg\" width=\"360\" height=\"238\" alt=\"DSC_40\" \/><\/a><\/li><li><a href=\"https:\/\/trattoriacichykacik.pl\/wp-content\/uploads\/2015\/07\/DSC_46.jpg\" title=\"\" data-gallery=\"\"><img src=\"https:\/\/trattoriacichykacik.pl\/wp-content\/uploads\/2015\/07\/DSC_46-360x238.jpg\" width=\"360\" height=\"238\" alt=\"DSC_46\" \/><\/a><\/li><li><a href=\"https:\/\/trattoriacichykacik.pl\/wp-content\/uploads\/2015\/07\/DSC_41.jpg\" title=\"\" data-gallery=\"\"><img src=\"https:\/\/trattoriacichykacik.pl\/wp-content\/uploads\/2015\/07\/DSC_41-360x238.jpg\" width=\"360\" height=\"238\" alt=\"DSC_41\" \/><\/a><\/li><li><a href=\"https:\/\/trattoriacichykacik.pl\/wp-content\/uploads\/2015\/07\/DSC_45.jpg\" title=\"\" data-gallery=\"\"><img src=\"https:\/\/trattoriacichykacik.pl\/wp-content\/uploads\/2015\/07\/DSC_45-360x238.jpg\" width=\"360\" height=\"238\" alt=\"DSC_45\" \/><\/a><\/li><li><a href=\"https:\/\/trattoriacichykacik.pl\/wp-content\/uploads\/2015\/07\/DSC_48.jpg\" title=\"\" data-gallery=\"\"><img src=\"https:\/\/trattoriacichykacik.pl\/wp-content\/uploads\/2015\/07\/DSC_48-360x238.jpg\" width=\"360\" height=\"238\" alt=\"DSC_48\" \/><\/a><\/li><li><a href=\"https:\/\/trattoriacichykacik.pl\/wp-content\/uploads\/2015\/07\/DSC_49.jpg\" title=\"\" data-gallery=\"\"><img src=\"https:\/\/trattoriacichykacik.pl\/wp-content\/uploads\/2015\/07\/DSC_49-360x238.jpg\" width=\"360\" height=\"238\" alt=\"DSC_49\" \/><\/a><\/li><li><a href=\"https:\/\/trattoriacichykacik.pl\/wp-content\/uploads\/2015\/07\/DSC_47-Kopia.jpg\" title=\"\" data-gallery=\"\"><img src=\"https:\/\/trattoriacichykacik.pl\/wp-content\/uploads\/2015\/07\/DSC_47-Kopia-360x238.jpg\" width=\"360\" height=\"238\" alt=\"DSC_47 - Kopia\" \/><\/a><\/li><li><a href=\"https:\/\/trattoriacichykacik.pl\/wp-content\/uploads\/2015\/07\/DSC_50.jpg\" title=\"\" data-gallery=\"\"><img src=\"https:\/\/trattoriacichykacik.pl\/wp-content\/uploads\/2015\/07\/DSC_50-360x238.jpg\" width=\"360\" height=\"238\" alt=\"DSC_50\" \/><\/a><\/li><\/ul><\/div><div id=\"blueimp-gallery\" class=\"blueimp-gallery\" data-useBootstrapModal=\"1\" data-fullScreen=\"0\">\r\n            <div class=\"slides\"><\/div>\r\n            <h3 class=\"title\"><\/h3><a class=\"prev\">&#xffe9;<\/a>\r\n        <a class=\"next\">&#xffeb;<\/a>\r\n        <a class=\"close\">&#120;<\/a>\r\n        <a class=\"play-pause\"><\/a>\r\n        <ol class=\"indicator\"><\/ol>\r\n        <div class=\"modal fade\">\r\n            <div class=\"modal-dialog\">\r\n                <div class=\"modal-content\">\r\n                    <div class=\"modal-header\">\r\n                        <button type=\"button\" class=\"close\" aria-hidden=\"true\">&times;<\/button>\r\n                        <h4 class=\"modal-title\"><\/h4>\r\n                    <\/div>\r\n                    <div class=\"modal-body next\"><\/div>\r\n                    <div class=\"modal-footer\">\r\n                        <button type=\"button\" class=\"btn btn-default pull-left prev\">\r\n                            Previous\r\n                        <\/button>\r\n                        <button type=\"button\" class=\"btn btn-primary next\">\r\n                            Next\r\n                        <\/button>\r\n                    <\/div>\r\n                <\/div>\r\n            <\/div>\r\n        <\/div>\r\n    <\/div> \u00a0 <img decoding=\"async\" loading=\"lazy\" class=\" size-full wp-image-171 aligncenter\" src=\"https:\/\/trattoriacichykacik.pl\/wp-content\/uploads\/2015\/07\/ornament-a.png\" alt=\"ornament-a\" width=\"116\" height=\"22\" srcset=\"https:\/\/trattoriacichykacik.pl\/wp-content\/uploads\/2015\/07\/ornament-a.png 116w, https:\/\/trattoriacichykacik.pl\/wp-content\/uploads\/2015\/07\/ornament-a-109x22.png 109w\" sizes=\"(max-width: 116px) 100vw, 116px\" \/><\/p>\n<h5 style=\"text-align: center;\">Our menu<\/h5>\n<div id=\"wpbgallery_container\"><ul id=\"wpbgallery\" class=\"clearfix\"><li><a href=\"https:\/\/trattoriacichykacik.pl\/wp-content\/uploads\/2015\/07\/DSC_141.jpg\" title=\"\" data-gallery=\"\"><img src=\"https:\/\/trattoriacichykacik.pl\/wp-content\/uploads\/2015\/07\/DSC_141-360x238.jpg\" width=\"360\" height=\"238\" alt=\"DSC_14\" \/><\/a><\/li><li><a href=\"https:\/\/trattoriacichykacik.pl\/wp-content\/uploads\/2015\/07\/DSC_161.jpg\" title=\"\" data-gallery=\"\"><img src=\"https:\/\/trattoriacichykacik.pl\/wp-content\/uploads\/2015\/07\/DSC_161-360x238.jpg\" width=\"360\" height=\"238\" alt=\"DSC_16\" \/><\/a><\/li><li><a href=\"https:\/\/trattoriacichykacik.pl\/wp-content\/uploads\/2015\/07\/DSC_151.jpg\" title=\"\" data-gallery=\"\"><img src=\"https:\/\/trattoriacichykacik.pl\/wp-content\/uploads\/2015\/07\/DSC_151-360x238.jpg\" width=\"360\" height=\"238\" alt=\"DSC_15\" \/><\/a><\/li><li><a href=\"https:\/\/trattoriacichykacik.pl\/wp-content\/uploads\/2015\/07\/DSC_19.jpg\" title=\"\" data-gallery=\"\"><img src=\"https:\/\/trattoriacichykacik.pl\/wp-content\/uploads\/2015\/07\/DSC_19-360x238.jpg\" width=\"360\" height=\"238\" alt=\"DSC_19\" \/><\/a><\/li><li><a href=\"https:\/\/trattoriacichykacik.pl\/wp-content\/uploads\/2015\/07\/DSC_171.jpg\" title=\"\" data-gallery=\"\"><img src=\"https:\/\/trattoriacichykacik.pl\/wp-content\/uploads\/2015\/07\/DSC_171-360x238.jpg\" width=\"360\" height=\"238\" alt=\"DSC_17\" \/><\/a><\/li><li><a href=\"https:\/\/trattoriacichykacik.pl\/wp-content\/uploads\/2015\/07\/DSC_181.jpg\" title=\"\" data-gallery=\"\"><img src=\"https:\/\/trattoriacichykacik.pl\/wp-content\/uploads\/2015\/07\/DSC_181-360x238.jpg\" width=\"360\" height=\"238\" alt=\"DSC_18\" \/><\/a><\/li><li><a href=\"https:\/\/trattoriacichykacik.pl\/wp-content\/uploads\/2015\/07\/DSC_21.jpg\" title=\"\" data-gallery=\"\"><img src=\"https:\/\/trattoriacichykacik.pl\/wp-content\/uploads\/2015\/07\/DSC_21-360x238.jpg\" width=\"360\" height=\"238\" alt=\"DSC_21\" \/><\/a><\/li><li><a href=\"https:\/\/trattoriacichykacik.pl\/wp-content\/uploads\/2015\/07\/DSC_22.jpg\" title=\"\" data-gallery=\"\"><img src=\"https:\/\/trattoriacichykacik.pl\/wp-content\/uploads\/2015\/07\/DSC_22-360x238.jpg\" width=\"360\" height=\"238\" alt=\"DSC_22\" \/><\/a><\/li><li><a href=\"https:\/\/trattoriacichykacik.pl\/wp-content\/uploads\/2015\/07\/DSC_20.jpg\" title=\"\" data-gallery=\"\"><img src=\"https:\/\/trattoriacichykacik.pl\/wp-content\/uploads\/2015\/07\/DSC_20-360x238.jpg\" width=\"360\" height=\"238\" alt=\"DSC_20\" \/><\/a><\/li><li><a href=\"https:\/\/trattoriacichykacik.pl\/wp-content\/uploads\/2015\/07\/DSC_23.jpg\" title=\"\" data-gallery=\"\"><img src=\"https:\/\/trattoriacichykacik.pl\/wp-content\/uploads\/2015\/07\/DSC_23-360x238.jpg\" width=\"360\" height=\"238\" alt=\"DSC_23\" \/><\/a><\/li><li><a href=\"https:\/\/trattoriacichykacik.pl\/wp-content\/uploads\/2015\/07\/DSC_24.jpg\" title=\"\" data-gallery=\"\"><img src=\"https:\/\/trattoriacichykacik.pl\/wp-content\/uploads\/2015\/07\/DSC_24-360x238.jpg\" width=\"360\" height=\"238\" alt=\"DSC_24\" \/><\/a><\/li><li><a href=\"https:\/\/trattoriacichykacik.pl\/wp-content\/uploads\/2015\/07\/DSC_25.jpg\" title=\"\" data-gallery=\"\"><img src=\"https:\/\/trattoriacichykacik.pl\/wp-content\/uploads\/2015\/07\/DSC_25-360x238.jpg\" width=\"360\" height=\"238\" alt=\"DSC_25\" \/><\/a><\/li><li><a href=\"https:\/\/trattoriacichykacik.pl\/wp-content\/uploads\/2015\/07\/DSC_28.jpg\" title=\"\" data-gallery=\"\"><img src=\"https:\/\/trattoriacichykacik.pl\/wp-content\/uploads\/2015\/07\/DSC_28-360x238.jpg\" width=\"360\" height=\"238\" alt=\"DSC_28\" \/><\/a><\/li><li><a href=\"https:\/\/trattoriacichykacik.pl\/wp-content\/uploads\/2015\/07\/DSC_26.jpg\" title=\"\" data-gallery=\"\"><img src=\"https:\/\/trattoriacichykacik.pl\/wp-content\/uploads\/2015\/07\/DSC_26-360x238.jpg\" width=\"360\" height=\"238\" alt=\"DSC_26\" \/><\/a><\/li><li><a href=\"https:\/\/trattoriacichykacik.pl\/wp-content\/uploads\/2015\/07\/DSC_291.jpg\" title=\"\" data-gallery=\"\"><img src=\"https:\/\/trattoriacichykacik.pl\/wp-content\/uploads\/2015\/07\/DSC_291-360x238.jpg\" width=\"360\" height=\"238\" alt=\"DSC_29\" \/><\/a><\/li><li><a href=\"https:\/\/trattoriacichykacik.pl\/wp-content\/uploads\/2015\/07\/DSC_32.jpg\" title=\"\" data-gallery=\"\"><img src=\"https:\/\/trattoriacichykacik.pl\/wp-content\/uploads\/2015\/07\/DSC_32-360x238.jpg\" width=\"360\" height=\"238\" alt=\"DSC_32\" \/><\/a><\/li><\/ul><\/div><div id=\"blueimp-gallery\" class=\"blueimp-gallery\" data-useBootstrapModal=\"1\" data-fullScreen=\"0\">\r\n            <div class=\"slides\"><\/div>\r\n            <h3 class=\"title\"><\/h3><a class=\"prev\">&#xffe9;<\/a>\r\n        <a class=\"next\">&#xffeb;<\/a>\r\n        <a class=\"close\">&#120;<\/a>\r\n        <a class=\"play-pause\"><\/a>\r\n        <ol class=\"indicator\"><\/ol>\r\n        <div class=\"modal fade\">\r\n            <div class=\"modal-dialog\">\r\n                <div class=\"modal-content\">\r\n                    <div class=\"modal-header\">\r\n                        <button type=\"button\" class=\"close\" aria-hidden=\"true\">&times;<\/button>\r\n                        <h4 class=\"modal-title\"><\/h4>\r\n                    <\/div>\r\n                    <div class=\"modal-body next\"><\/div>\r\n                    <div class=\"modal-footer\">\r\n                        <button type=\"button\" class=\"btn btn-default pull-left prev\">\r\n                            Previous\r\n                        <\/button>\r\n                        <button type=\"button\" class=\"btn btn-primary next\">\r\n                            Next\r\n                        <\/button>\r\n                    <\/div>\r\n                <\/div>\r\n            <\/div>\r\n        <\/div>\r\n    <\/div>\n","protected":false},"excerpt":{"rendered":"<p>Our restaurant and its atmosphere &#xffe9; &#xffeb; &#120; &times; Previous Next \u00a0 Our menu &#xffe9; &#xffeb; &#120; &times; Previous Next<\/p>\n","protected":false},"author":1,"featured_media":0,"parent":0,"menu_order":0,"comment_status":"open","ping_status":"open","template":"page-gallery.php","meta":[],"acf":[],"yoast_head":"<!-- This site is optimized with the Yoast SEO plugin v20.3 - https:\/\/yoast.com\/wordpress\/plugins\/seo\/ -->\n<title>Gallery - Restauracja Trattoria B\u0142onia Cichy K\u0105cik - ul. Chodowieckiego 1, Krak\u00f3w<\/title>\n<meta name=\"description\" content=\"Trattoria Cichy K\u0105cik to wyj\u0105tkowe miejsce po\u0142o\u017cone tu\u017c obok jednej z najwi\u0119kszych europejskich \u0142\u0105k w centrum miasta \u2013 krakowskich B\u0142o\u0144\" \/>\n<meta name=\"robots\" content=\"index, follow, max-snippet:-1, max-image-preview:large, max-video-preview:-1\" \/>\n<link rel=\"canonical\" href=\"https:\/\/trattoriacichykacik.pl\/en\/gallery\/\" \/>\n<meta property=\"og:locale\" content=\"en_US\" \/>\n<meta property=\"og:type\" content=\"article\" \/>\n<meta property=\"og:title\" content=\"Gallery - Restauracja Trattoria B\u0142onia Cichy K\u0105cik - ul. Chodowieckiego 1, Krak\u00f3w\" \/>\n<meta property=\"og:description\" content=\"Trattoria Cichy K\u0105cik to wyj\u0105tkowe miejsce po\u0142o\u017cone tu\u017c obok jednej z najwi\u0119kszych europejskich \u0142\u0105k w centrum miasta \u2013 krakowskich B\u0142o\u0144\" \/>\n<meta property=\"og:url\" content=\"https:\/\/trattoriacichykacik.pl\/en\/gallery\/\" \/>\n<meta property=\"og:site_name\" content=\"Restauracja Trattoria B\u0142onia Cichy K\u0105cik - ul. Chodowieckiego 1, Krak\u00f3w\" \/>\n<meta property=\"article:modified_time\" content=\"2015-09-12T14:21:48+00:00\" \/>\n<meta property=\"og:image\" content=\"https:\/\/trattoriacichykacik.pl\/wp-content\/uploads\/2015\/07\/ornament-a.png\" \/>\n<meta name=\"twitter:card\" content=\"summary_large_image\" \/>\n<script type=\"application\/ld+json\" class=\"yoast-schema-graph\">{\"@context\":\"https:\/\/schema.org\",\"@graph\":[{\"@type\":\"WebPage\",\"@id\":\"https:\/\/trattoriacichykacik.pl\/en\/gallery\/\",\"url\":\"https:\/\/trattoriacichykacik.pl\/en\/gallery\/\",\"name\":\"Gallery - Restauracja Trattoria B\u0142onia Cichy K\u0105cik - ul. Chodowieckiego 1, Krak\u00f3w\",\"isPartOf\":{\"@id\":\"https:\/\/trattoriacichykacik.pl\/#website\"},\"datePublished\":\"2015-09-12T14:21:19+00:00\",\"dateModified\":\"2015-09-12T14:21:48+00:00\",\"description\":\"Trattoria Cichy K\u0105cik to wyj\u0105tkowe miejsce po\u0142o\u017cone tu\u017c obok jednej z najwi\u0119kszych europejskich \u0142\u0105k w centrum miasta \u2013 krakowskich B\u0142o\u0144\",\"breadcrumb\":{\"@id\":\"https:\/\/trattoriacichykacik.pl\/en\/gallery\/#breadcrumb\"},\"inLanguage\":\"en-US\",\"potentialAction\":[{\"@type\":\"ReadAction\",\"target\":[\"https:\/\/trattoriacichykacik.pl\/en\/gallery\/\"]}]},{\"@type\":\"BreadcrumbList\",\"@id\":\"https:\/\/trattoriacichykacik.pl\/en\/gallery\/#breadcrumb\",\"itemListElement\":[{\"@type\":\"ListItem\",\"position\":1,\"name\":\"Strona g\u0142\u00f3wna\",\"item\":\"https:\/\/trattoriacichykacik.pl\/\"},{\"@type\":\"ListItem\",\"position\":2,\"name\":\"Gallery\"}]},{\"@type\":\"WebSite\",\"@id\":\"https:\/\/trattoriacichykacik.pl\/#website\",\"url\":\"https:\/\/trattoriacichykacik.pl\/\",\"name\":\"Restauracja Trattoria B\u0142onia Cichy K\u0105cik - ul. Chodowieckiego 1, Krak\u00f3w\",\"description\":\"Pyszne jedzenie i niesamowity klimat\",\"potentialAction\":[{\"@type\":\"SearchAction\",\"target\":{\"@type\":\"EntryPoint\",\"urlTemplate\":\"https:\/\/trattoriacichykacik.pl\/?s={search_term_string}\"},\"query-input\":\"required name=search_term_string\"}],\"inLanguage\":\"en-US\"}]}<\/script>\n<!-- \/ Yoast SEO plugin. -->","yoast_head_json":{"title":"Gallery - Restauracja Trattoria B\u0142onia Cichy K\u0105cik - ul. Chodowieckiego 1, Krak\u00f3w","description":"Trattoria Cichy K\u0105cik to wyj\u0105tkowe miejsce po\u0142o\u017cone tu\u017c obok jednej z najwi\u0119kszych europejskich \u0142\u0105k w centrum miasta \u2013 krakowskich B\u0142o\u0144","robots":{"index":"index","follow":"follow","max-snippet":"max-snippet:-1","max-image-preview":"max-image-preview:large","max-video-preview":"max-video-preview:-1"},"canonical":"https:\/\/trattoriacichykacik.pl\/en\/gallery\/","og_locale":"en_US","og_type":"article","og_title":"Gallery - Restauracja Trattoria B\u0142onia Cichy K\u0105cik - ul. Chodowieckiego 1, Krak\u00f3w","og_description":"Trattoria Cichy K\u0105cik to wyj\u0105tkowe miejsce po\u0142o\u017cone tu\u017c obok jednej z najwi\u0119kszych europejskich \u0142\u0105k w centrum miasta \u2013 krakowskich B\u0142o\u0144","og_url":"https:\/\/trattoriacichykacik.pl\/en\/gallery\/","og_site_name":"Restauracja Trattoria B\u0142onia Cichy K\u0105cik - ul. Chodowieckiego 1, Krak\u00f3w","article_modified_time":"2015-09-12T14:21:48+00:00","og_image":[{"url":"https:\/\/trattoriacichykacik.pl\/wp-content\/uploads\/2015\/07\/ornament-a.png"}],"twitter_card":"summary_large_image","schema":{"@context":"https:\/\/schema.org","@graph":[{"@type":"WebPage","@id":"https:\/\/trattoriacichykacik.pl\/en\/gallery\/","url":"https:\/\/trattoriacichykacik.pl\/en\/gallery\/","name":"Gallery - Restauracja Trattoria B\u0142onia Cichy K\u0105cik - ul. Chodowieckiego 1, Krak\u00f3w","isPartOf":{"@id":"https:\/\/trattoriacichykacik.pl\/#website"},"datePublished":"2015-09-12T14:21:19+00:00","dateModified":"2015-09-12T14:21:48+00:00","description":"Trattoria Cichy K\u0105cik to wyj\u0105tkowe miejsce po\u0142o\u017cone tu\u017c obok jednej z najwi\u0119kszych europejskich \u0142\u0105k w centrum miasta \u2013 krakowskich B\u0142o\u0144","breadcrumb":{"@id":"https:\/\/trattoriacichykacik.pl\/en\/gallery\/#breadcrumb"},"inLanguage":"en-US","potentialAction":[{"@type":"ReadAction","target":["https:\/\/trattoriacichykacik.pl\/en\/gallery\/"]}]},{"@type":"BreadcrumbList","@id":"https:\/\/trattoriacichykacik.pl\/en\/gallery\/#breadcrumb","itemListElement":[{"@type":"ListItem","position":1,"name":"Strona g\u0142\u00f3wna","item":"https:\/\/trattoriacichykacik.pl\/"},{"@type":"ListItem","position":2,"name":"Gallery"}]},{"@type":"WebSite","@id":"https:\/\/trattoriacichykacik.pl\/#website","url":"https:\/\/trattoriacichykacik.pl\/","name":"Restauracja Trattoria B\u0142onia Cichy K\u0105cik - ul. Chodowieckiego 1, Krak\u00f3w","description":"Pyszne jedzenie i niesamowity klimat","potentialAction":[{"@type":"SearchAction","target":{"@type":"EntryPoint","urlTemplate":"https:\/\/trattoriacichykacik.pl\/?s={search_term_string}"},"query-input":"required name=search_term_string"}],"inLanguage":"en-US"}]}},"_links":{"self":[{"href":"https:\/\/trattoriacichykacik.pl\/en\/wp-json\/wp\/v2\/pages\/678"}],"collection":[{"href":"https:\/\/trattoriacichykacik.pl\/en\/wp-json\/wp\/v2\/pages"}],"about":[{"href":"https:\/\/trattoriacichykacik.pl\/en\/wp-json\/wp\/v2\/types\/page"}],"author":[{"embeddable":true,"href":"https:\/\/trattoriacichykacik.pl\/en\/wp-json\/wp\/v2\/users\/1"}],"replies":[{"embeddable":true,"href":"https:\/\/trattoriacichykacik.pl\/en\/wp-json\/wp\/v2\/comments?post=678"}],"version-history":[{"count":0,"href":"https:\/\/trattoriacichykacik.pl\/en\/wp-json\/wp\/v2\/pages\/678\/revisions"}],"wp:attachment":[{"href":"https:\/\/trattoriacichykacik.pl\/en\/wp-json\/wp\/v2\/media?parent=678"}],"curies":[{"name":"wp","href":"https:\/\/api.w.org\/{rel}","templated":true}]}}