{"id":683,"date":"2015-09-12T16:23:16","date_gmt":"2015-09-12T14:23:16","guid":{"rendered":"https:\/\/trattoriacichykacik.pl\/?page_id=683"},"modified":"2015-09-12T16:23:16","modified_gmt":"2015-09-12T14:23:16","slug":"gallery-on-homepage","status":"publish","type":"page","link":"https:\/\/trattoriacichykacik.pl\/en\/gallery-on-homepage\/","title":{"rendered":"Baza: Galeria zdj\u0119\u0107 strona g\u0142\u00f3wna"},"content":{"rendered":"\n\t\t<style type=\"text\/css\">\n\t\t\t#gallery-1 {\n\t\t\t\tmargin: auto;\n\t\t\t}\n\t\t\t#gallery-1 .gallery-item {\n\t\t\t\tfloat: left;\n\t\t\t\tmargin-top: 10px;\n\t\t\t\ttext-align: center;\n\t\t\t\twidth: 33%;\n\t\t\t}\n\t\t\t#gallery-1 img {\n\t\t\t\tborder: 2px solid #cfcfcf;\n\t\t\t}\n\t\t\t#gallery-1 .gallery-caption {\n\t\t\t\tmargin-left: 0;\n\t\t\t}\n\t\t\t\/* see gallery_shortcode() in wp-includes\/media.php *\/\n\t\t<\/style>\n\t\t<div id='gallery-1' class='gallery galleryid-683 gallery-columns-3 gallery-size-thumbnail'><dl class='gallery-item'>\n\t\t\t<dt class='gallery-icon landscape'>\n\t\t\t\t<a href='https:\/\/trattoriacichykacik.pl\/wp-content\/uploads\/2015\/07\/DSC_09.jpg'><img width=\"360\" height=\"238\" src=\"https:\/\/trattoriacichykacik.pl\/wp-content\/uploads\/2015\/07\/DSC_09-360x238.jpg\" class=\"attachment-thumbnail size-thumbnail\" alt=\"\" decoding=\"async\" loading=\"lazy\" srcset=\"https:\/\/trattoriacichykacik.pl\/wp-content\/uploads\/2015\/07\/DSC_09-360x238.jpg 360w, https:\/\/trattoriacichykacik.pl\/wp-content\/uploads\/2015\/07\/DSC_09-300x199.jpg 300w, https:\/\/trattoriacichykacik.pl\/wp-content\/uploads\/2015\/07\/DSC_09-1024x678.jpg 1024w\" sizes=\"(max-width: 360px) 100vw, 360px\" \/><\/a>\n\t\t\t<\/dt><\/dl><dl class='gallery-item'>\n\t\t\t<dt class='gallery-icon landscape'>\n\t\t\t\t<a href='https:\/\/trattoriacichykacik.pl\/wp-content\/uploads\/2015\/07\/DSC_10.jpg'><img width=\"360\" height=\"238\" src=\"https:\/\/trattoriacichykacik.pl\/wp-content\/uploads\/2015\/07\/DSC_10-360x238.jpg\" class=\"attachment-thumbnail size-thumbnail\" alt=\"\" decoding=\"async\" loading=\"lazy\" srcset=\"https:\/\/trattoriacichykacik.pl\/wp-content\/uploads\/2015\/07\/DSC_10-360x238.jpg 360w, https:\/\/trattoriacichykacik.pl\/wp-content\/uploads\/2015\/07\/DSC_10-300x199.jpg 300w, https:\/\/trattoriacichykacik.pl\/wp-content\/uploads\/2015\/07\/DSC_10-1024x678.jpg 1024w\" sizes=\"(max-width: 360px) 100vw, 360px\" \/><\/a>\n\t\t\t<\/dt><\/dl><dl class='gallery-item'>\n\t\t\t<dt class='gallery-icon landscape'>\n\t\t\t\t<a href='https:\/\/trattoriacichykacik.pl\/wp-content\/uploads\/2015\/07\/DSC_11.jpg'><img width=\"360\" height=\"238\" src=\"https:\/\/trattoriacichykacik.pl\/wp-content\/uploads\/2015\/07\/DSC_11-360x238.jpg\" class=\"attachment-thumbnail size-thumbnail\" alt=\"\" decoding=\"async\" loading=\"lazy\" srcset=\"https:\/\/trattoriacichykacik.pl\/wp-content\/uploads\/2015\/07\/DSC_11-360x238.jpg 360w, https:\/\/trattoriacichykacik.pl\/wp-content\/uploads\/2015\/07\/DSC_11-300x199.jpg 300w, https:\/\/trattoriacichykacik.pl\/wp-content\/uploads\/2015\/07\/DSC_11-1024x678.jpg 1024w\" sizes=\"(max-width: 360px) 100vw, 360px\" \/><\/a>\n\t\t\t<\/dt><\/dl><br style=\"clear: both\" \/><dl class='gallery-item'>\n\t\t\t<dt class='gallery-icon landscape'>\n\t\t\t\t<a href='https:\/\/trattoriacichykacik.pl\/wp-content\/uploads\/2015\/07\/DSC_12.jpg'><img width=\"360\" height=\"238\" src=\"https:\/\/trattoriacichykacik.pl\/wp-content\/uploads\/2015\/07\/DSC_12-360x238.jpg\" class=\"attachment-thumbnail size-thumbnail\" alt=\"\" decoding=\"async\" loading=\"lazy\" srcset=\"https:\/\/trattoriacichykacik.pl\/wp-content\/uploads\/2015\/07\/DSC_12-360x238.jpg 360w, https:\/\/trattoriacichykacik.pl\/wp-content\/uploads\/2015\/07\/DSC_12-300x199.jpg 300w, https:\/\/trattoriacichykacik.pl\/wp-content\/uploads\/2015\/07\/DSC_12-1024x678.jpg 1024w\" sizes=\"(max-width: 360px) 100vw, 360px\" \/><\/a>\n\t\t\t<\/dt><\/dl><dl class='gallery-item'>\n\t\t\t<dt class='gallery-icon landscape'>\n\t\t\t\t<a href='https:\/\/trattoriacichykacik.pl\/wp-content\/uploads\/2015\/07\/DSC_13.jpg'><img width=\"360\" height=\"238\" src=\"https:\/\/trattoriacichykacik.pl\/wp-content\/uploads\/2015\/07\/DSC_13-360x238.jpg\" class=\"attachment-thumbnail size-thumbnail\" alt=\"\" decoding=\"async\" loading=\"lazy\" srcset=\"https:\/\/trattoriacichykacik.pl\/wp-content\/uploads\/2015\/07\/DSC_13-360x238.jpg 360w, https:\/\/trattoriacichykacik.pl\/wp-content\/uploads\/2015\/07\/DSC_13-300x199.jpg 300w, https:\/\/trattoriacichykacik.pl\/wp-content\/uploads\/2015\/07\/DSC_13-1024x678.jpg 1024w\" sizes=\"(max-width: 360px) 100vw, 360px\" \/><\/a>\n\t\t\t<\/dt><\/dl><dl class='gallery-item'>\n\t\t\t<dt class='gallery-icon landscape'>\n\t\t\t\t<a href='https:\/\/trattoriacichykacik.pl\/wp-content\/uploads\/2015\/07\/DSC_14.jpg'><img width=\"360\" height=\"238\" src=\"https:\/\/trattoriacichykacik.pl\/wp-content\/uploads\/2015\/07\/DSC_14-360x238.jpg\" class=\"attachment-thumbnail size-thumbnail\" alt=\"\" decoding=\"async\" loading=\"lazy\" srcset=\"https:\/\/trattoriacichykacik.pl\/wp-content\/uploads\/2015\/07\/DSC_14-360x238.jpg 360w, https:\/\/trattoriacichykacik.pl\/wp-content\/uploads\/2015\/07\/DSC_14-300x199.jpg 300w, https:\/\/trattoriacichykacik.pl\/wp-content\/uploads\/2015\/07\/DSC_14-1024x678.jpg 1024w\" sizes=\"(max-width: 360px) 100vw, 360px\" \/><\/a>\n\t\t\t<\/dt><\/dl><br style=\"clear: both\" \/><dl class='gallery-item'>\n\t\t\t<dt class='gallery-icon landscape'>\n\t\t\t\t<a href='https:\/\/trattoriacichykacik.pl\/wp-content\/uploads\/2015\/07\/DSC_15.jpg'><img width=\"360\" height=\"238\" src=\"https:\/\/trattoriacichykacik.pl\/wp-content\/uploads\/2015\/07\/DSC_15-360x238.jpg\" class=\"attachment-thumbnail size-thumbnail\" alt=\"\" decoding=\"async\" loading=\"lazy\" srcset=\"https:\/\/trattoriacichykacik.pl\/wp-content\/uploads\/2015\/07\/DSC_15-360x238.jpg 360w, https:\/\/trattoriacichykacik.pl\/wp-content\/uploads\/2015\/07\/DSC_15-300x199.jpg 300w, https:\/\/trattoriacichykacik.pl\/wp-content\/uploads\/2015\/07\/DSC_15-1024x678.jpg 1024w\" sizes=\"(max-width: 360px) 100vw, 360px\" \/><\/a>\n\t\t\t<\/dt><\/dl><dl class='gallery-item'>\n\t\t\t<dt class='gallery-icon landscape'>\n\t\t\t\t<a href='https:\/\/trattoriacichykacik.pl\/wp-content\/uploads\/2015\/07\/DSC_16.jpg'><img width=\"360\" height=\"238\" src=\"https:\/\/trattoriacichykacik.pl\/wp-content\/uploads\/2015\/07\/DSC_16-360x238.jpg\" class=\"attachment-thumbnail size-thumbnail\" alt=\"\" decoding=\"async\" loading=\"lazy\" srcset=\"https:\/\/trattoriacichykacik.pl\/wp-content\/uploads\/2015\/07\/DSC_16-360x238.jpg 360w, https:\/\/trattoriacichykacik.pl\/wp-content\/uploads\/2015\/07\/DSC_16-300x199.jpg 300w, https:\/\/trattoriacichykacik.pl\/wp-content\/uploads\/2015\/07\/DSC_16-1024x678.jpg 1024w\" sizes=\"(max-width: 360px) 100vw, 360px\" \/><\/a>\n\t\t\t<\/dt><\/dl><dl class='gallery-item'>\n\t\t\t<dt class='gallery-icon landscape'>\n\t\t\t\t<a href='https:\/\/trattoriacichykacik.pl\/wp-content\/uploads\/2015\/07\/DSC_17.jpg'><img width=\"360\" height=\"238\" src=\"https:\/\/trattoriacichykacik.pl\/wp-content\/uploads\/2015\/07\/DSC_17-360x238.jpg\" class=\"attachment-thumbnail size-thumbnail\" alt=\"\" decoding=\"async\" loading=\"lazy\" srcset=\"https:\/\/trattoriacichykacik.pl\/wp-content\/uploads\/2015\/07\/DSC_17-360x238.jpg 360w, https:\/\/trattoriacichykacik.pl\/wp-content\/uploads\/2015\/07\/DSC_17-300x199.jpg 300w, https:\/\/trattoriacichykacik.pl\/wp-content\/uploads\/2015\/07\/DSC_17-1024x678.jpg 1024w\" sizes=\"(max-width: 360px) 100vw, 360px\" \/><\/a>\n\t\t\t<\/dt><\/dl><br style=\"clear: both\" \/><dl class='gallery-item'>\n\t\t\t<dt class='gallery-icon landscape'>\n\t\t\t\t<a href='https:\/\/trattoriacichykacik.pl\/wp-content\/uploads\/2015\/07\/DSC_18.jpg'><img width=\"360\" height=\"238\" src=\"https:\/\/trattoriacichykacik.pl\/wp-content\/uploads\/2015\/07\/DSC_18-360x238.jpg\" class=\"attachment-thumbnail size-thumbnail\" alt=\"\" decoding=\"async\" loading=\"lazy\" srcset=\"https:\/\/trattoriacichykacik.pl\/wp-content\/uploads\/2015\/07\/DSC_18-360x238.jpg 360w, https:\/\/trattoriacichykacik.pl\/wp-content\/uploads\/2015\/07\/DSC_18-300x199.jpg 300w, https:\/\/trattoriacichykacik.pl\/wp-content\/uploads\/2015\/07\/DSC_18-1024x678.jpg 1024w\" sizes=\"(max-width: 360px) 100vw, 360px\" \/><\/a>\n\t\t\t<\/dt><\/dl>\n\t\t\t<br style='clear: both' \/>\n\t\t<\/div>\n\n","protected":false},"excerpt":{"rendered":"","protected":false},"author":1,"featured_media":0,"parent":0,"menu_order":0,"comment_status":"open","ping_status":"open","template":"","meta":[],"acf":[],"yoast_head":"<!-- This site is optimized with the Yoast SEO plugin v20.3 - https:\/\/yoast.com\/wordpress\/plugins\/seo\/ -->\n<title>Baza: Galeria zdj\u0119\u0107 strona g\u0142\u00f3wna - Restauracja Trattoria B\u0142onia Cichy K\u0105cik - ul. Chodowieckiego 1, Krak\u00f3w<\/title>\n<meta name=\"description\" content=\"Trattoria Cichy K\u0105cik to wyj\u0105tkowe miejsce po\u0142o\u017cone tu\u017c obok jednej z najwi\u0119kszych europejskich \u0142\u0105k w centrum miasta \u2013 krakowskich B\u0142o\u0144\" \/>\n<meta name=\"robots\" content=\"index, follow, max-snippet:-1, max-image-preview:large, max-video-preview:-1\" \/>\n<link rel=\"canonical\" href=\"https:\/\/trattoriacichykacik.pl\/en\/gallery-on-homepage\/\" \/>\n<meta property=\"og:locale\" content=\"en_US\" \/>\n<meta property=\"og:type\" content=\"article\" \/>\n<meta property=\"og:title\" content=\"Baza: Galeria zdj\u0119\u0107 strona g\u0142\u00f3wna - Restauracja Trattoria B\u0142onia Cichy K\u0105cik - ul. Chodowieckiego 1, Krak\u00f3w\" \/>\n<meta property=\"og:description\" content=\"Trattoria Cichy K\u0105cik to wyj\u0105tkowe miejsce po\u0142o\u017cone tu\u017c obok jednej z najwi\u0119kszych europejskich \u0142\u0105k w centrum miasta \u2013 krakowskich B\u0142o\u0144\" \/>\n<meta property=\"og:url\" content=\"https:\/\/trattoriacichykacik.pl\/en\/gallery-on-homepage\/\" \/>\n<meta property=\"og:site_name\" content=\"Restauracja Trattoria B\u0142onia Cichy K\u0105cik - ul. Chodowieckiego 1, Krak\u00f3w\" \/>\n<meta property=\"og:image\" content=\"https:\/\/trattoriacichykacik.pl\/wp-content\/uploads\/2015\/07\/DSC_09-360x238.jpg\" \/>\n<meta name=\"twitter:card\" content=\"summary_large_image\" \/>\n<script type=\"application\/ld+json\" class=\"yoast-schema-graph\">{\"@context\":\"https:\/\/schema.org\",\"@graph\":[{\"@type\":\"WebPage\",\"@id\":\"https:\/\/trattoriacichykacik.pl\/en\/gallery-on-homepage\/\",\"url\":\"https:\/\/trattoriacichykacik.pl\/en\/gallery-on-homepage\/\",\"name\":\"Baza: Galeria zdj\u0119\u0107 strona g\u0142\u00f3wna - Restauracja Trattoria B\u0142onia Cichy K\u0105cik - ul. Chodowieckiego 1, Krak\u00f3w\",\"isPartOf\":{\"@id\":\"https:\/\/trattoriacichykacik.pl\/#website\"},\"datePublished\":\"2015-09-12T14:23:16+00:00\",\"dateModified\":\"2015-09-12T14:23:16+00:00\",\"description\":\"Trattoria Cichy K\u0105cik to wyj\u0105tkowe miejsce po\u0142o\u017cone tu\u017c obok jednej z najwi\u0119kszych europejskich \u0142\u0105k w centrum miasta \u2013 krakowskich B\u0142o\u0144\",\"breadcrumb\":{\"@id\":\"https:\/\/trattoriacichykacik.pl\/en\/gallery-on-homepage\/#breadcrumb\"},\"inLanguage\":\"en-US\",\"potentialAction\":[{\"@type\":\"ReadAction\",\"target\":[\"https:\/\/trattoriacichykacik.pl\/en\/gallery-on-homepage\/\"]}]},{\"@type\":\"BreadcrumbList\",\"@id\":\"https:\/\/trattoriacichykacik.pl\/en\/gallery-on-homepage\/#breadcrumb\",\"itemListElement\":[{\"@type\":\"ListItem\",\"position\":1,\"name\":\"Strona g\u0142\u00f3wna\",\"item\":\"https:\/\/trattoriacichykacik.pl\/\"},{\"@type\":\"ListItem\",\"position\":2,\"name\":\"Baza: Galeria zdj\u0119\u0107 strona g\u0142\u00f3wna\"}]},{\"@type\":\"WebSite\",\"@id\":\"https:\/\/trattoriacichykacik.pl\/#website\",\"url\":\"https:\/\/trattoriacichykacik.pl\/\",\"name\":\"Restauracja Trattoria B\u0142onia Cichy K\u0105cik - ul. Chodowieckiego 1, Krak\u00f3w\",\"description\":\"Pyszne jedzenie i niesamowity klimat\",\"potentialAction\":[{\"@type\":\"SearchAction\",\"target\":{\"@type\":\"EntryPoint\",\"urlTemplate\":\"https:\/\/trattoriacichykacik.pl\/?s={search_term_string}\"},\"query-input\":\"required name=search_term_string\"}],\"inLanguage\":\"en-US\"}]}<\/script>\n<!-- \/ Yoast SEO plugin. -->","yoast_head_json":{"title":"Baza: Galeria zdj\u0119\u0107 strona g\u0142\u00f3wna - Restauracja Trattoria B\u0142onia Cichy K\u0105cik - ul. Chodowieckiego 1, Krak\u00f3w","description":"Trattoria Cichy K\u0105cik to wyj\u0105tkowe miejsce po\u0142o\u017cone tu\u017c obok jednej z najwi\u0119kszych europejskich \u0142\u0105k w centrum miasta \u2013 krakowskich B\u0142o\u0144","robots":{"index":"index","follow":"follow","max-snippet":"max-snippet:-1","max-image-preview":"max-image-preview:large","max-video-preview":"max-video-preview:-1"},"canonical":"https:\/\/trattoriacichykacik.pl\/en\/gallery-on-homepage\/","og_locale":"en_US","og_type":"article","og_title":"Baza: Galeria zdj\u0119\u0107 strona g\u0142\u00f3wna - Restauracja Trattoria B\u0142onia Cichy K\u0105cik - ul. Chodowieckiego 1, Krak\u00f3w","og_description":"Trattoria Cichy K\u0105cik to wyj\u0105tkowe miejsce po\u0142o\u017cone tu\u017c obok jednej z najwi\u0119kszych europejskich \u0142\u0105k w centrum miasta \u2013 krakowskich B\u0142o\u0144","og_url":"https:\/\/trattoriacichykacik.pl\/en\/gallery-on-homepage\/","og_site_name":"Restauracja Trattoria B\u0142onia Cichy K\u0105cik - ul. Chodowieckiego 1, Krak\u00f3w","og_image":[{"url":"https:\/\/trattoriacichykacik.pl\/wp-content\/uploads\/2015\/07\/DSC_09-360x238.jpg"}],"twitter_card":"summary_large_image","schema":{"@context":"https:\/\/schema.org","@graph":[{"@type":"WebPage","@id":"https:\/\/trattoriacichykacik.pl\/en\/gallery-on-homepage\/","url":"https:\/\/trattoriacichykacik.pl\/en\/gallery-on-homepage\/","name":"Baza: Galeria zdj\u0119\u0107 strona g\u0142\u00f3wna - Restauracja Trattoria B\u0142onia Cichy K\u0105cik - ul. Chodowieckiego 1, Krak\u00f3w","isPartOf":{"@id":"https:\/\/trattoriacichykacik.pl\/#website"},"datePublished":"2015-09-12T14:23:16+00:00","dateModified":"2015-09-12T14:23:16+00:00","description":"Trattoria Cichy K\u0105cik to wyj\u0105tkowe miejsce po\u0142o\u017cone tu\u017c obok jednej z najwi\u0119kszych europejskich \u0142\u0105k w centrum miasta \u2013 krakowskich B\u0142o\u0144","breadcrumb":{"@id":"https:\/\/trattoriacichykacik.pl\/en\/gallery-on-homepage\/#breadcrumb"},"inLanguage":"en-US","potentialAction":[{"@type":"ReadAction","target":["https:\/\/trattoriacichykacik.pl\/en\/gallery-on-homepage\/"]}]},{"@type":"BreadcrumbList","@id":"https:\/\/trattoriacichykacik.pl\/en\/gallery-on-homepage\/#breadcrumb","itemListElement":[{"@type":"ListItem","position":1,"name":"Strona g\u0142\u00f3wna","item":"https:\/\/trattoriacichykacik.pl\/"},{"@type":"ListItem","position":2,"name":"Baza: Galeria zdj\u0119\u0107 strona g\u0142\u00f3wna"}]},{"@type":"WebSite","@id":"https:\/\/trattoriacichykacik.pl\/#website","url":"https:\/\/trattoriacichykacik.pl\/","name":"Restauracja Trattoria B\u0142onia Cichy K\u0105cik - ul. Chodowieckiego 1, Krak\u00f3w","description":"Pyszne jedzenie i niesamowity klimat","potentialAction":[{"@type":"SearchAction","target":{"@type":"EntryPoint","urlTemplate":"https:\/\/trattoriacichykacik.pl\/?s={search_term_string}"},"query-input":"required name=search_term_string"}],"inLanguage":"en-US"}]}},"_links":{"self":[{"href":"https:\/\/trattoriacichykacik.pl\/en\/wp-json\/wp\/v2\/pages\/683"}],"collection":[{"href":"https:\/\/trattoriacichykacik.pl\/en\/wp-json\/wp\/v2\/pages"}],"about":[{"href":"https:\/\/trattoriacichykacik.pl\/en\/wp-json\/wp\/v2\/types\/page"}],"author":[{"embeddable":true,"href":"https:\/\/trattoriacichykacik.pl\/en\/wp-json\/wp\/v2\/users\/1"}],"replies":[{"embeddable":true,"href":"https:\/\/trattoriacichykacik.pl\/en\/wp-json\/wp\/v2\/comments?post=683"}],"version-history":[{"count":0,"href":"https:\/\/trattoriacichykacik.pl\/en\/wp-json\/wp\/v2\/pages\/683\/revisions"}],"wp:attachment":[{"href":"https:\/\/trattoriacichykacik.pl\/en\/wp-json\/wp\/v2\/media?parent=683"}],"curies":[{"name":"wp","href":"https:\/\/api.w.org\/{rel}","templated":true}]}}