{"id":686,"date":"2015-09-12T16:26:25","date_gmt":"2015-09-12T14:26:25","guid":{"rendered":"https:\/\/trattoriacichykacik.pl\/?page_id=686"},"modified":"2015-09-15T11:35:27","modified_gmt":"2015-09-15T09:35:27","slug":"foto-gallery","status":"publish","type":"page","link":"https:\/\/trattoriacichykacik.pl\/en\/foto-gallery\/","title":{"rendered":"Photo gallery"},"content":{"rendered":"<section class=\"fw-main-row \"  >\n\t<div class=\"fw-container\">\n\t\t<div class=\"fw-row\">\n\t<div class=\"fw-col-xs-12\">\n\t<a href=\"https:\/\/trattoriacichykacik.pl\/en\/gallery\/\" target=\"_self\" class=\"fw-btn fw-btn-1 \">\n\t<span>See foto gallery<\/span>\n<\/a><\/div>\n<\/div>\n\n\t<\/div>\n<\/section>\n\n","protected":false},"excerpt":{"rendered":"<p>See foto gallery<\/p>\n","protected":false},"author":1,"featured_media":0,"parent":0,"menu_order":0,"comment_status":"open","ping_status":"open","template":"","meta":[],"acf":[],"yoast_head":"<!-- This site is optimized with the Yoast SEO plugin v20.3 - https:\/\/yoast.com\/wordpress\/plugins\/seo\/ -->\n<title>Photo gallery - Restauracja Trattoria B\u0142onia Cichy K\u0105cik - ul. Chodowieckiego 1, Krak\u00f3w<\/title>\n<meta name=\"description\" content=\"Trattoria Cichy K\u0105cik to wyj\u0105tkowe miejsce po\u0142o\u017cone tu\u017c obok jednej z najwi\u0119kszych europejskich \u0142\u0105k w centrum miasta \u2013 krakowskich B\u0142o\u0144\" \/>\n<meta name=\"robots\" content=\"index, follow, max-snippet:-1, max-image-preview:large, max-video-preview:-1\" \/>\n<link rel=\"canonical\" href=\"https:\/\/trattoriacichykacik.pl\/en\/foto-gallery\/\" \/>\n<meta property=\"og:locale\" content=\"en_US\" \/>\n<meta property=\"og:type\" content=\"article\" \/>\n<meta property=\"og:title\" content=\"Photo gallery - Restauracja Trattoria B\u0142onia Cichy K\u0105cik - ul. Chodowieckiego 1, Krak\u00f3w\" \/>\n<meta property=\"og:description\" content=\"Trattoria Cichy K\u0105cik to wyj\u0105tkowe miejsce po\u0142o\u017cone tu\u017c obok jednej z najwi\u0119kszych europejskich \u0142\u0105k w centrum miasta \u2013 krakowskich B\u0142o\u0144\" \/>\n<meta property=\"og:url\" content=\"https:\/\/trattoriacichykacik.pl\/en\/foto-gallery\/\" \/>\n<meta property=\"og:site_name\" content=\"Restauracja Trattoria B\u0142onia Cichy K\u0105cik - ul. Chodowieckiego 1, Krak\u00f3w\" \/>\n<meta property=\"article:modified_time\" content=\"2015-09-15T09:35:27+00:00\" \/>\n<meta name=\"twitter:card\" content=\"summary_large_image\" \/>\n<script type=\"application\/ld+json\" class=\"yoast-schema-graph\">{\"@context\":\"https:\/\/schema.org\",\"@graph\":[{\"@type\":\"WebPage\",\"@id\":\"https:\/\/trattoriacichykacik.pl\/en\/foto-gallery\/\",\"url\":\"https:\/\/trattoriacichykacik.pl\/en\/foto-gallery\/\",\"name\":\"Photo gallery - Restauracja Trattoria B\u0142onia Cichy K\u0105cik - ul. Chodowieckiego 1, Krak\u00f3w\",\"isPartOf\":{\"@id\":\"https:\/\/trattoriacichykacik.pl\/#website\"},\"datePublished\":\"2015-09-12T14:26:25+00:00\",\"dateModified\":\"2015-09-15T09:35:27+00:00\",\"description\":\"Trattoria Cichy K\u0105cik to wyj\u0105tkowe miejsce po\u0142o\u017cone tu\u017c obok jednej z najwi\u0119kszych europejskich \u0142\u0105k w centrum miasta \u2013 krakowskich B\u0142o\u0144\",\"breadcrumb\":{\"@id\":\"https:\/\/trattoriacichykacik.pl\/en\/foto-gallery\/#breadcrumb\"},\"inLanguage\":\"en-US\",\"potentialAction\":[{\"@type\":\"ReadAction\",\"target\":[\"https:\/\/trattoriacichykacik.pl\/en\/foto-gallery\/\"]}]},{\"@type\":\"BreadcrumbList\",\"@id\":\"https:\/\/trattoriacichykacik.pl\/en\/foto-gallery\/#breadcrumb\",\"itemListElement\":[{\"@type\":\"ListItem\",\"position\":1,\"name\":\"Strona g\u0142\u00f3wna\",\"item\":\"https:\/\/trattoriacichykacik.pl\/\"},{\"@type\":\"ListItem\",\"position\":2,\"name\":\"Photo gallery\"}]},{\"@type\":\"WebSite\",\"@id\":\"https:\/\/trattoriacichykacik.pl\/#website\",\"url\":\"https:\/\/trattoriacichykacik.pl\/\",\"name\":\"Restauracja Trattoria B\u0142onia Cichy K\u0105cik - ul. Chodowieckiego 1, Krak\u00f3w\",\"description\":\"Pyszne jedzenie i niesamowity klimat\",\"potentialAction\":[{\"@type\":\"SearchAction\",\"target\":{\"@type\":\"EntryPoint\",\"urlTemplate\":\"https:\/\/trattoriacichykacik.pl\/?s={search_term_string}\"},\"query-input\":\"required name=search_term_string\"}],\"inLanguage\":\"en-US\"}]}<\/script>\n<!-- \/ Yoast SEO plugin. -->","yoast_head_json":{"title":"Photo gallery - Restauracja Trattoria B\u0142onia Cichy K\u0105cik - ul. Chodowieckiego 1, Krak\u00f3w","description":"Trattoria Cichy K\u0105cik to wyj\u0105tkowe miejsce po\u0142o\u017cone tu\u017c obok jednej z najwi\u0119kszych europejskich \u0142\u0105k w centrum miasta \u2013 krakowskich B\u0142o\u0144","robots":{"index":"index","follow":"follow","max-snippet":"max-snippet:-1","max-image-preview":"max-image-preview:large","max-video-preview":"max-video-preview:-1"},"canonical":"https:\/\/trattoriacichykacik.pl\/en\/foto-gallery\/","og_locale":"en_US","og_type":"article","og_title":"Photo gallery - Restauracja Trattoria B\u0142onia Cichy K\u0105cik - ul. Chodowieckiego 1, Krak\u00f3w","og_description":"Trattoria Cichy K\u0105cik to wyj\u0105tkowe miejsce po\u0142o\u017cone tu\u017c obok jednej z najwi\u0119kszych europejskich \u0142\u0105k w centrum miasta \u2013 krakowskich B\u0142o\u0144","og_url":"https:\/\/trattoriacichykacik.pl\/en\/foto-gallery\/","og_site_name":"Restauracja Trattoria B\u0142onia Cichy K\u0105cik - ul. Chodowieckiego 1, Krak\u00f3w","article_modified_time":"2015-09-15T09:35:27+00:00","twitter_card":"summary_large_image","schema":{"@context":"https:\/\/schema.org","@graph":[{"@type":"WebPage","@id":"https:\/\/trattoriacichykacik.pl\/en\/foto-gallery\/","url":"https:\/\/trattoriacichykacik.pl\/en\/foto-gallery\/","name":"Photo gallery - Restauracja Trattoria B\u0142onia Cichy K\u0105cik - ul. Chodowieckiego 1, Krak\u00f3w","isPartOf":{"@id":"https:\/\/trattoriacichykacik.pl\/#website"},"datePublished":"2015-09-12T14:26:25+00:00","dateModified":"2015-09-15T09:35:27+00:00","description":"Trattoria Cichy K\u0105cik to wyj\u0105tkowe miejsce po\u0142o\u017cone tu\u017c obok jednej z najwi\u0119kszych europejskich \u0142\u0105k w centrum miasta \u2013 krakowskich B\u0142o\u0144","breadcrumb":{"@id":"https:\/\/trattoriacichykacik.pl\/en\/foto-gallery\/#breadcrumb"},"inLanguage":"en-US","potentialAction":[{"@type":"ReadAction","target":["https:\/\/trattoriacichykacik.pl\/en\/foto-gallery\/"]}]},{"@type":"BreadcrumbList","@id":"https:\/\/trattoriacichykacik.pl\/en\/foto-gallery\/#breadcrumb","itemListElement":[{"@type":"ListItem","position":1,"name":"Strona g\u0142\u00f3wna","item":"https:\/\/trattoriacichykacik.pl\/"},{"@type":"ListItem","position":2,"name":"Photo gallery"}]},{"@type":"WebSite","@id":"https:\/\/trattoriacichykacik.pl\/#website","url":"https:\/\/trattoriacichykacik.pl\/","name":"Restauracja Trattoria B\u0142onia Cichy K\u0105cik - ul. Chodowieckiego 1, Krak\u00f3w","description":"Pyszne jedzenie i niesamowity klimat","potentialAction":[{"@type":"SearchAction","target":{"@type":"EntryPoint","urlTemplate":"https:\/\/trattoriacichykacik.pl\/?s={search_term_string}"},"query-input":"required name=search_term_string"}],"inLanguage":"en-US"}]}},"_links":{"self":[{"href":"https:\/\/trattoriacichykacik.pl\/en\/wp-json\/wp\/v2\/pages\/686"}],"collection":[{"href":"https:\/\/trattoriacichykacik.pl\/en\/wp-json\/wp\/v2\/pages"}],"about":[{"href":"https:\/\/trattoriacichykacik.pl\/en\/wp-json\/wp\/v2\/types\/page"}],"author":[{"embeddable":true,"href":"https:\/\/trattoriacichykacik.pl\/en\/wp-json\/wp\/v2\/users\/1"}],"replies":[{"embeddable":true,"href":"https:\/\/trattoriacichykacik.pl\/en\/wp-json\/wp\/v2\/comments?post=686"}],"version-history":[{"count":0,"href":"https:\/\/trattoriacichykacik.pl\/en\/wp-json\/wp\/v2\/pages\/686\/revisions"}],"wp:attachment":[{"href":"https:\/\/trattoriacichykacik.pl\/en\/wp-json\/wp\/v2\/media?parent=686"}],"curies":[{"name":"wp","href":"https:\/\/api.w.org\/{rel}","templated":true}]}}