{"id":695,"date":"2015-09-12T16:36:11","date_gmt":"2015-09-12T14:36:11","guid":{"rendered":"https:\/\/trattoriacichykacik.pl\/?page_id=695"},"modified":"2015-09-21T09:03:37","modified_gmt":"2015-09-21T07:03:37","slug":"table-reservation","status":"publish","type":"page","link":"https:\/\/trattoriacichykacik.pl\/en\/table-reservation\/","title":{"rendered":"Table reservation"},"content":{"rendered":"<section class=\"fw-main-row \"  >\n\t<div class=\"fw-container\">\n\t\t<div class=\"fw-row\">\n\t<div class=\"fw-col-xs-12\">\n\t<p>\n<div class=\"wpcf7 no-js\" id=\"wpcf7-f696-o1\" lang=\"en-US\" dir=\"ltr\">\n<div class=\"screen-reader-response\"><p role=\"status\" aria-live=\"polite\" aria-atomic=\"true\"><\/p> <ul><\/ul><\/div>\n<form action=\"\/en\/wp-json\/wp\/v2\/pages\/695#wpcf7-f696-o1\" method=\"post\" class=\"wpcf7-form init\" aria-label=\"Contact form\" novalidate=\"novalidate\" data-status=\"init\">\n<div style=\"display: none;\">\n<input type=\"hidden\" name=\"_wpcf7\" value=\"696\" \/>\n<input type=\"hidden\" name=\"_wpcf7_version\" value=\"5.7.4\" \/>\n<input type=\"hidden\" name=\"_wpcf7_locale\" value=\"en_US\" \/>\n<input type=\"hidden\" name=\"_wpcf7_unit_tag\" value=\"wpcf7-f696-o1\" \/>\n<input type=\"hidden\" name=\"_wpcf7_container_post\" value=\"0\" \/>\n<input type=\"hidden\" name=\"_wpcf7_posted_data_hash\" value=\"\" \/>\n<input type=\"hidden\" name=\"_wpcf7_recaptcha_response\" value=\"\" \/>\n<\/div>\n<div class=\"row\">\n\t<div class=\"col-sm-6\">\n\t\t<p>Name and surname<br \/>\n<span class=\"wpcf7-form-control-wrap\" data-name=\"client-name\"><input size=\"40\" class=\"wpcf7-form-control wpcf7-text wpcf7-validates-as-required\" aria-required=\"true\" aria-invalid=\"false\" value=\"\" type=\"text\" name=\"client-name\" \/><\/span>\n\t\t<\/p>\n\t<\/div>\n\t<div class=\"col-sm-6\">\n\t\t<p>Telephone<br \/>\n<span class=\"wpcf7-form-control-wrap\" data-name=\"client-tel\"><input size=\"40\" class=\"wpcf7-form-control wpcf7-text wpcf7-tel wpcf7-validates-as-required wpcf7-validates-as-tel\" aria-required=\"true\" aria-invalid=\"false\" value=\"\" type=\"tel\" name=\"client-tel\" \/><\/span>\n\t\t<\/p>\n\t<\/div>\n<\/div>\n<div class=\"row\">\n\t<div class=\"col-sm-6\">\n\t\t<p>Date<br \/>\n<span class=\"wpcf7-form-control-wrap\" data-name=\"reservation-date\"><input size=\"40\" class=\"wpcf7-form-control wpcf7-text wpcf7-validates-as-required wpcf7-date\" id=\"datepicker\" aria-required=\"true\" aria-invalid=\"false\" value=\"\" type=\"text\" name=\"reservation-date\" \/><\/span>\n\t\t<\/p>\n\t<\/div>\n\t<div class=\"col-sm-6\">\n\t\t<p>Hour<br \/>\n<span style=\"float:left;\"><span class=\"wpcf7-form-control-wrap\" data-name=\"reservation-hour\"><select class=\"wpcf7-form-control wpcf7-select wpcf7-validates-as-required reservation-time\" aria-required=\"true\" aria-invalid=\"false\" name=\"reservation-hour\"><option value=\"choose\">choose<\/option><option value=\"8\">8<\/option><option value=\"9\">9<\/option><option value=\"10\">10<\/option><option value=\"11\">11<\/option><option value=\"12\">12<\/option><option value=\"13\">13<\/option><option value=\"14\">14<\/option><option value=\"15\">15<\/option><option value=\"16\">16<\/option><option value=\"17\">17<\/option><option value=\"18\">18<\/option><option value=\"19\">19<\/option><option value=\"20\">20<\/option><option value=\"21\">21<\/option><option value=\"22\">22<\/option><\/select><\/span><\/span><span style=\"float:left;\">:<\/span><span style=\"float:left;\"><span class=\"wpcf7-form-control-wrap\" data-name=\"reservation-minute\"><select class=\"wpcf7-form-control wpcf7-select wpcf7-validates-as-required reservation-time\" aria-required=\"true\" aria-invalid=\"false\" name=\"reservation-minute\"><option value=\"choose\">choose<\/option><option value=\"00\">00<\/option><option value=\"15\">15<\/option><option value=\"30\">30<\/option><option value=\"45\">45<\/option><\/select><\/span><\/span>\n\t\t<\/p>\n\t<\/div>\n<\/div>\n<div class=\"row\">\n\t<div class=\"col-sm-6\">\n\t\t<p>E-mail<br \/>\n<span class=\"wpcf7-form-control-wrap\" data-name=\"client-email\"><input size=\"40\" class=\"wpcf7-form-control wpcf7-text wpcf7-email wpcf7-validates-as-required wpcf7-validates-as-email\" aria-required=\"true\" aria-invalid=\"false\" value=\"\" type=\"email\" name=\"client-email\" \/><\/span>\n\t\t<\/p>\n\t<\/div>\n\t<div class=\"col-sm-6\">\n\t\t<p>How many people<br \/>\n<span class=\"wpcf7-form-control-wrap\" data-name=\"client-quantity\"><input size=\"40\" class=\"wpcf7-form-control wpcf7-text wpcf7-validates-as-required\" aria-required=\"true\" aria-invalid=\"false\" value=\"\" type=\"text\" name=\"client-quantity\" \/><\/span>\n\t\t<\/p>\n\t<\/div>\n<\/div>\n<div class=\"row\">\n\t<div class=\"col-sm-12\">\n\t\t<p>Special wishes<br \/>\n<span class=\"wpcf7-form-control-wrap\" data-name=\"client-wishes\"><textarea cols=\"40\" rows=\"5\" class=\"wpcf7-form-control wpcf7-textarea\" aria-invalid=\"false\" name=\"client-wishes\"><\/textarea><\/span>\n\t\t<\/p>\n\t<\/div>\n\t<div class=\"col-sm-12\">\n\t\t<p><input class=\"wpcf7-form-control has-spinner wpcf7-submit fw-btn fw-btn-1\" type=\"submit\" value=\"Send\" \/>\n\t\t<\/p>\n\t<\/div>\n<\/div><input type='hidden' class='wpcf7-pum' value='{\"closepopup\":false,\"closedelay\":0,\"openpopup\":false,\"openpopup_id\":0}' \/><div class=\"wpcf7-response-output\" aria-hidden=\"true\"><\/div>\n<\/form>\n<\/div>\n<\/p><\/div>\n<\/div>\n\n\t<\/div>\n<\/section>\n\n","protected":false},"excerpt":{"rendered":"<p>Name and surname Telephone Date Hour choose8910111213141516171819202122:choose00153045 E-mail How many people Special wishes<\/p>\n","protected":false},"author":1,"featured_media":0,"parent":0,"menu_order":0,"comment_status":"open","ping_status":"open","template":"","meta":[],"acf":[],"yoast_head":"<!-- This site is optimized with the Yoast SEO plugin v20.3 - https:\/\/yoast.com\/wordpress\/plugins\/seo\/ -->\n<title>Table reservation - Restauracja Trattoria B\u0142onia Cichy K\u0105cik - ul. Chodowieckiego 1, Krak\u00f3w<\/title>\n<meta name=\"description\" content=\"Trattoria Cichy K\u0105cik to wyj\u0105tkowe miejsce po\u0142o\u017cone tu\u017c obok jednej z najwi\u0119kszych europejskich \u0142\u0105k w centrum miasta \u2013 krakowskich B\u0142o\u0144\" \/>\n<meta name=\"robots\" content=\"index, follow, max-snippet:-1, max-image-preview:large, max-video-preview:-1\" \/>\n<link rel=\"canonical\" href=\"https:\/\/trattoriacichykacik.pl\/en\/table-reservation\/\" \/>\n<meta property=\"og:locale\" content=\"en_US\" \/>\n<meta property=\"og:type\" content=\"article\" \/>\n<meta property=\"og:title\" content=\"Table reservation - Restauracja Trattoria B\u0142onia Cichy K\u0105cik - ul. Chodowieckiego 1, Krak\u00f3w\" \/>\n<meta property=\"og:description\" content=\"Trattoria Cichy K\u0105cik to wyj\u0105tkowe miejsce po\u0142o\u017cone tu\u017c obok jednej z najwi\u0119kszych europejskich \u0142\u0105k w centrum miasta \u2013 krakowskich B\u0142o\u0144\" \/>\n<meta property=\"og:url\" content=\"https:\/\/trattoriacichykacik.pl\/en\/table-reservation\/\" \/>\n<meta property=\"og:site_name\" content=\"Restauracja Trattoria B\u0142onia Cichy K\u0105cik - ul. Chodowieckiego 1, Krak\u00f3w\" \/>\n<meta property=\"article:modified_time\" content=\"2015-09-21T07:03:37+00:00\" \/>\n<meta name=\"twitter:card\" content=\"summary_large_image\" \/>\n<script type=\"application\/ld+json\" class=\"yoast-schema-graph\">{\"@context\":\"https:\/\/schema.org\",\"@graph\":[{\"@type\":\"WebPage\",\"@id\":\"https:\/\/trattoriacichykacik.pl\/en\/table-reservation\/\",\"url\":\"https:\/\/trattoriacichykacik.pl\/en\/table-reservation\/\",\"name\":\"Table reservation - Restauracja Trattoria B\u0142onia Cichy K\u0105cik - ul. Chodowieckiego 1, Krak\u00f3w\",\"isPartOf\":{\"@id\":\"https:\/\/trattoriacichykacik.pl\/#website\"},\"datePublished\":\"2015-09-12T14:36:11+00:00\",\"dateModified\":\"2015-09-21T07:03:37+00:00\",\"description\":\"Trattoria Cichy K\u0105cik to wyj\u0105tkowe miejsce po\u0142o\u017cone tu\u017c obok jednej z najwi\u0119kszych europejskich \u0142\u0105k w centrum miasta \u2013 krakowskich B\u0142o\u0144\",\"breadcrumb\":{\"@id\":\"https:\/\/trattoriacichykacik.pl\/en\/table-reservation\/#breadcrumb\"},\"inLanguage\":\"en-US\",\"potentialAction\":[{\"@type\":\"ReadAction\",\"target\":[\"https:\/\/trattoriacichykacik.pl\/en\/table-reservation\/\"]}]},{\"@type\":\"BreadcrumbList\",\"@id\":\"https:\/\/trattoriacichykacik.pl\/en\/table-reservation\/#breadcrumb\",\"itemListElement\":[{\"@type\":\"ListItem\",\"position\":1,\"name\":\"Strona g\u0142\u00f3wna\",\"item\":\"https:\/\/trattoriacichykacik.pl\/\"},{\"@type\":\"ListItem\",\"position\":2,\"name\":\"Table reservation\"}]},{\"@type\":\"WebSite\",\"@id\":\"https:\/\/trattoriacichykacik.pl\/#website\",\"url\":\"https:\/\/trattoriacichykacik.pl\/\",\"name\":\"Restauracja Trattoria B\u0142onia Cichy K\u0105cik - ul. Chodowieckiego 1, Krak\u00f3w\",\"description\":\"Pyszne jedzenie i niesamowity klimat\",\"potentialAction\":[{\"@type\":\"SearchAction\",\"target\":{\"@type\":\"EntryPoint\",\"urlTemplate\":\"https:\/\/trattoriacichykacik.pl\/?s={search_term_string}\"},\"query-input\":\"required name=search_term_string\"}],\"inLanguage\":\"en-US\"}]}<\/script>\n<!-- \/ Yoast SEO plugin. -->","yoast_head_json":{"title":"Table reservation - Restauracja Trattoria B\u0142onia Cichy K\u0105cik - ul. Chodowieckiego 1, Krak\u00f3w","description":"Trattoria Cichy K\u0105cik to wyj\u0105tkowe miejsce po\u0142o\u017cone tu\u017c obok jednej z najwi\u0119kszych europejskich \u0142\u0105k w centrum miasta \u2013 krakowskich B\u0142o\u0144","robots":{"index":"index","follow":"follow","max-snippet":"max-snippet:-1","max-image-preview":"max-image-preview:large","max-video-preview":"max-video-preview:-1"},"canonical":"https:\/\/trattoriacichykacik.pl\/en\/table-reservation\/","og_locale":"en_US","og_type":"article","og_title":"Table reservation - Restauracja Trattoria B\u0142onia Cichy K\u0105cik - ul. Chodowieckiego 1, Krak\u00f3w","og_description":"Trattoria Cichy K\u0105cik to wyj\u0105tkowe miejsce po\u0142o\u017cone tu\u017c obok jednej z najwi\u0119kszych europejskich \u0142\u0105k w centrum miasta \u2013 krakowskich B\u0142o\u0144","og_url":"https:\/\/trattoriacichykacik.pl\/en\/table-reservation\/","og_site_name":"Restauracja Trattoria B\u0142onia Cichy K\u0105cik - ul. Chodowieckiego 1, Krak\u00f3w","article_modified_time":"2015-09-21T07:03:37+00:00","twitter_card":"summary_large_image","schema":{"@context":"https:\/\/schema.org","@graph":[{"@type":"WebPage","@id":"https:\/\/trattoriacichykacik.pl\/en\/table-reservation\/","url":"https:\/\/trattoriacichykacik.pl\/en\/table-reservation\/","name":"Table reservation - Restauracja Trattoria B\u0142onia Cichy K\u0105cik - ul. Chodowieckiego 1, Krak\u00f3w","isPartOf":{"@id":"https:\/\/trattoriacichykacik.pl\/#website"},"datePublished":"2015-09-12T14:36:11+00:00","dateModified":"2015-09-21T07:03:37+00:00","description":"Trattoria Cichy K\u0105cik to wyj\u0105tkowe miejsce po\u0142o\u017cone tu\u017c obok jednej z najwi\u0119kszych europejskich \u0142\u0105k w centrum miasta \u2013 krakowskich B\u0142o\u0144","breadcrumb":{"@id":"https:\/\/trattoriacichykacik.pl\/en\/table-reservation\/#breadcrumb"},"inLanguage":"en-US","potentialAction":[{"@type":"ReadAction","target":["https:\/\/trattoriacichykacik.pl\/en\/table-reservation\/"]}]},{"@type":"BreadcrumbList","@id":"https:\/\/trattoriacichykacik.pl\/en\/table-reservation\/#breadcrumb","itemListElement":[{"@type":"ListItem","position":1,"name":"Strona g\u0142\u00f3wna","item":"https:\/\/trattoriacichykacik.pl\/"},{"@type":"ListItem","position":2,"name":"Table reservation"}]},{"@type":"WebSite","@id":"https:\/\/trattoriacichykacik.pl\/#website","url":"https:\/\/trattoriacichykacik.pl\/","name":"Restauracja Trattoria B\u0142onia Cichy K\u0105cik - ul. Chodowieckiego 1, Krak\u00f3w","description":"Pyszne jedzenie i niesamowity klimat","potentialAction":[{"@type":"SearchAction","target":{"@type":"EntryPoint","urlTemplate":"https:\/\/trattoriacichykacik.pl\/?s={search_term_string}"},"query-input":"required name=search_term_string"}],"inLanguage":"en-US"}]}},"_links":{"self":[{"href":"https:\/\/trattoriacichykacik.pl\/en\/wp-json\/wp\/v2\/pages\/695"}],"collection":[{"href":"https:\/\/trattoriacichykacik.pl\/en\/wp-json\/wp\/v2\/pages"}],"about":[{"href":"https:\/\/trattoriacichykacik.pl\/en\/wp-json\/wp\/v2\/types\/page"}],"author":[{"embeddable":true,"href":"https:\/\/trattoriacichykacik.pl\/en\/wp-json\/wp\/v2\/users\/1"}],"replies":[{"embeddable":true,"href":"https:\/\/trattoriacichykacik.pl\/en\/wp-json\/wp\/v2\/comments?post=695"}],"version-history":[{"count":0,"href":"https:\/\/trattoriacichykacik.pl\/en\/wp-json\/wp\/v2\/pages\/695\/revisions"}],"wp:attachment":[{"href":"https:\/\/trattoriacichykacik.pl\/en\/wp-json\/wp\/v2\/media?parent=695"}],"curies":[{"name":"wp","href":"https:\/\/api.w.org\/{rel}","templated":true}]}}