{"id":961,"date":"2017-02-04T13:14:10","date_gmt":"2017-02-04T12:14:10","guid":{"rendered":"https:\/\/trattoriacichykacik.pl\/menu-2\/"},"modified":"2025-01-20T21:45:04","modified_gmt":"2025-01-20T20:45:04","slug":"menu","status":"publish","type":"page","link":"https:\/\/trattoriacichykacik.pl\/en\/menu\/","title":{"rendered":"Menu"},"content":{"rendered":"<p style=\"text-align: center;\">\u201cThere are modest places which console our souls and there are impressive places which will never be our home. I found my home in a country villa [\u2026]\u201d<\/p>\n","protected":false},"excerpt":{"rendered":"<p>\u201cThere are modest places which console our souls and there are impressive places which will never be our home. I found my home in a country villa [\u2026]\u201d<\/p>\n","protected":false},"author":1,"featured_media":0,"parent":0,"menu_order":0,"comment_status":"closed","ping_status":"closed","template":"page-menu-sniadania.php","meta":[],"acf":[],"yoast_head":"<!-- This site is optimized with the Yoast SEO plugin v20.3 - https:\/\/yoast.com\/wordpress\/plugins\/seo\/ -->\n<title>Menu - Restauracja Trattoria B\u0142onia Cichy K\u0105cik - ul. Chodowieckiego 1, Krak\u00f3w<\/title>\n<meta name=\"description\" content=\"Trattoria Cichy K\u0105cik to wyj\u0105tkowe miejsce po\u0142o\u017cone tu\u017c obok jednej z najwi\u0119kszych europejskich \u0142\u0105k w centrum miasta \u2013 krakowskich B\u0142o\u0144\" \/>\n<meta name=\"robots\" content=\"index, follow, max-snippet:-1, max-image-preview:large, max-video-preview:-1\" \/>\n<link rel=\"canonical\" href=\"https:\/\/trattoriacichykacik.pl\/en\/menu\/\" \/>\n<meta property=\"og:locale\" content=\"en_US\" \/>\n<meta property=\"og:type\" content=\"article\" \/>\n<meta property=\"og:title\" content=\"Menu - Restauracja Trattoria B\u0142onia Cichy K\u0105cik - ul. Chodowieckiego 1, Krak\u00f3w\" \/>\n<meta property=\"og:description\" content=\"Trattoria Cichy K\u0105cik to wyj\u0105tkowe miejsce po\u0142o\u017cone tu\u017c obok jednej z najwi\u0119kszych europejskich \u0142\u0105k w centrum miasta \u2013 krakowskich B\u0142o\u0144\" \/>\n<meta property=\"og:url\" content=\"https:\/\/trattoriacichykacik.pl\/en\/menu\/\" \/>\n<meta property=\"og:site_name\" content=\"Restauracja Trattoria B\u0142onia Cichy K\u0105cik - ul. Chodowieckiego 1, Krak\u00f3w\" \/>\n<meta property=\"article:modified_time\" content=\"2025-01-20T20:45:04+00:00\" \/>\n<meta name=\"twitter:card\" content=\"summary_large_image\" \/>\n<script type=\"application\/ld+json\" class=\"yoast-schema-graph\">{\"@context\":\"https:\/\/schema.org\",\"@graph\":[{\"@type\":\"WebPage\",\"@id\":\"https:\/\/trattoriacichykacik.pl\/en\/menu\/\",\"url\":\"https:\/\/trattoriacichykacik.pl\/en\/menu\/\",\"name\":\"Menu - Restauracja Trattoria B\u0142onia Cichy K\u0105cik - ul. Chodowieckiego 1, Krak\u00f3w\",\"isPartOf\":{\"@id\":\"https:\/\/trattoriacichykacik.pl\/#website\"},\"datePublished\":\"2017-02-04T12:14:10+00:00\",\"dateModified\":\"2025-01-20T20:45:04+00:00\",\"description\":\"Trattoria Cichy K\u0105cik to wyj\u0105tkowe miejsce po\u0142o\u017cone tu\u017c obok jednej z najwi\u0119kszych europejskich \u0142\u0105k w centrum miasta \u2013 krakowskich B\u0142o\u0144\",\"breadcrumb\":{\"@id\":\"https:\/\/trattoriacichykacik.pl\/en\/menu\/#breadcrumb\"},\"inLanguage\":\"en-US\",\"potentialAction\":[{\"@type\":\"ReadAction\",\"target\":[\"https:\/\/trattoriacichykacik.pl\/en\/menu\/\"]}]},{\"@type\":\"BreadcrumbList\",\"@id\":\"https:\/\/trattoriacichykacik.pl\/en\/menu\/#breadcrumb\",\"itemListElement\":[{\"@type\":\"ListItem\",\"position\":1,\"name\":\"Strona g\u0142\u00f3wna\",\"item\":\"https:\/\/trattoriacichykacik.pl\/\"},{\"@type\":\"ListItem\",\"position\":2,\"name\":\"Menu\"}]},{\"@type\":\"WebSite\",\"@id\":\"https:\/\/trattoriacichykacik.pl\/#website\",\"url\":\"https:\/\/trattoriacichykacik.pl\/\",\"name\":\"Restauracja Trattoria B\u0142onia Cichy K\u0105cik - ul. Chodowieckiego 1, Krak\u00f3w\",\"description\":\"Pyszne jedzenie i niesamowity klimat\",\"potentialAction\":[{\"@type\":\"SearchAction\",\"target\":{\"@type\":\"EntryPoint\",\"urlTemplate\":\"https:\/\/trattoriacichykacik.pl\/?s={search_term_string}\"},\"query-input\":\"required name=search_term_string\"}],\"inLanguage\":\"en-US\"}]}<\/script>\n<!-- \/ Yoast SEO plugin. -->","yoast_head_json":{"title":"Menu - Restauracja Trattoria B\u0142onia Cichy K\u0105cik - ul. Chodowieckiego 1, Krak\u00f3w","description":"Trattoria Cichy K\u0105cik to wyj\u0105tkowe miejsce po\u0142o\u017cone tu\u017c obok jednej z najwi\u0119kszych europejskich \u0142\u0105k w centrum miasta \u2013 krakowskich B\u0142o\u0144","robots":{"index":"index","follow":"follow","max-snippet":"max-snippet:-1","max-image-preview":"max-image-preview:large","max-video-preview":"max-video-preview:-1"},"canonical":"https:\/\/trattoriacichykacik.pl\/en\/menu\/","og_locale":"en_US","og_type":"article","og_title":"Menu - Restauracja Trattoria B\u0142onia Cichy K\u0105cik - ul. Chodowieckiego 1, Krak\u00f3w","og_description":"Trattoria Cichy K\u0105cik to wyj\u0105tkowe miejsce po\u0142o\u017cone tu\u017c obok jednej z najwi\u0119kszych europejskich \u0142\u0105k w centrum miasta \u2013 krakowskich B\u0142o\u0144","og_url":"https:\/\/trattoriacichykacik.pl\/en\/menu\/","og_site_name":"Restauracja Trattoria B\u0142onia Cichy K\u0105cik - ul. Chodowieckiego 1, Krak\u00f3w","article_modified_time":"2025-01-20T20:45:04+00:00","twitter_card":"summary_large_image","schema":{"@context":"https:\/\/schema.org","@graph":[{"@type":"WebPage","@id":"https:\/\/trattoriacichykacik.pl\/en\/menu\/","url":"https:\/\/trattoriacichykacik.pl\/en\/menu\/","name":"Menu - Restauracja Trattoria B\u0142onia Cichy K\u0105cik - ul. Chodowieckiego 1, Krak\u00f3w","isPartOf":{"@id":"https:\/\/trattoriacichykacik.pl\/#website"},"datePublished":"2017-02-04T12:14:10+00:00","dateModified":"2025-01-20T20:45:04+00:00","description":"Trattoria Cichy K\u0105cik to wyj\u0105tkowe miejsce po\u0142o\u017cone tu\u017c obok jednej z najwi\u0119kszych europejskich \u0142\u0105k w centrum miasta \u2013 krakowskich B\u0142o\u0144","breadcrumb":{"@id":"https:\/\/trattoriacichykacik.pl\/en\/menu\/#breadcrumb"},"inLanguage":"en-US","potentialAction":[{"@type":"ReadAction","target":["https:\/\/trattoriacichykacik.pl\/en\/menu\/"]}]},{"@type":"BreadcrumbList","@id":"https:\/\/trattoriacichykacik.pl\/en\/menu\/#breadcrumb","itemListElement":[{"@type":"ListItem","position":1,"name":"Strona g\u0142\u00f3wna","item":"https:\/\/trattoriacichykacik.pl\/"},{"@type":"ListItem","position":2,"name":"Menu"}]},{"@type":"WebSite","@id":"https:\/\/trattoriacichykacik.pl\/#website","url":"https:\/\/trattoriacichykacik.pl\/","name":"Restauracja Trattoria B\u0142onia Cichy K\u0105cik - ul. Chodowieckiego 1, Krak\u00f3w","description":"Pyszne jedzenie i niesamowity klimat","potentialAction":[{"@type":"SearchAction","target":{"@type":"EntryPoint","urlTemplate":"https:\/\/trattoriacichykacik.pl\/?s={search_term_string}"},"query-input":"required name=search_term_string"}],"inLanguage":"en-US"}]}},"_links":{"self":[{"href":"https:\/\/trattoriacichykacik.pl\/en\/wp-json\/wp\/v2\/pages\/961"}],"collection":[{"href":"https:\/\/trattoriacichykacik.pl\/en\/wp-json\/wp\/v2\/pages"}],"about":[{"href":"https:\/\/trattoriacichykacik.pl\/en\/wp-json\/wp\/v2\/types\/page"}],"author":[{"embeddable":true,"href":"https:\/\/trattoriacichykacik.pl\/en\/wp-json\/wp\/v2\/users\/1"}],"replies":[{"embeddable":true,"href":"https:\/\/trattoriacichykacik.pl\/en\/wp-json\/wp\/v2\/comments?post=961"}],"version-history":[{"count":35,"href":"https:\/\/trattoriacichykacik.pl\/en\/wp-json\/wp\/v2\/pages\/961\/revisions"}],"predecessor-version":[{"id":4105,"href":"https:\/\/trattoriacichykacik.pl\/en\/wp-json\/wp\/v2\/pages\/961\/revisions\/4105"}],"wp:attachment":[{"href":"https:\/\/trattoriacichykacik.pl\/en\/wp-json\/wp\/v2\/media?parent=961"}],"curies":[{"name":"wp","href":"https:\/\/api.w.org\/{rel}","templated":true}]}}